{"id":7628,"date":"2024-10-19T02:53:57","date_gmt":"2024-10-19T02:53:57","guid":{"rendered":"https:\/\/cloudsupplyvapes.com\/?post_type=product&#038;p=7628"},"modified":"2024-11-25T07:34:13","modified_gmt":"2024-11-25T07:34:13","slug":"-243","status":"publish","type":"product","link":"https:\/\/cloudsupplyvapes.com\/it\/product\/airis-beast-4000-puffs-disposable-vape-wholesale\/","title":{"rendered":"Airis Beast 4000 Puffs Vape usa e getta all'ingrosso Design leggero ad alta capacit\u00e0"},"content":{"rendered":"<h2>Airis Beast Kit monouso 4000 soffi 2200mAh<\/h2>\n<ul class=\"top\">\n<li>Marchio: Airis<\/li>\n<li>Unit\u00e0: set<\/li>\n<li>Tipo: Kit di svapo monouso<\/li>\n<li>Peso netto: 50(g)<\/li>\n<\/ul>\n<p>Il costo della spedizione combinata verr\u00e0 calcolato automaticamente dal sistema dopo aver scelto la destinazione di spedizione nella fase di checkout.<\/p>\n<div class=\"title\">Kit Airis Beast monouso INTRODUZIONE<\/div>\n<p>Preparatevi per il\u00a0<b>Kit Airis Beast monouso<\/b>\u00a0perch\u00e9 sta per offrire un'impressionante avventura di tecnologia del vaping! \u00c8 alimentata da una batteria personalizzata da 2200 mAh, che supera le pi\u00f9 diffuse sul mercato, e con la sua capacit\u00e0 di 16 ml di succo di svapo, non \u00e8 forse in grado di sopportare circa 4000 boccate? Ha anche un sistema di flusso d'aria regolabile ed \u00e8 dotato di una forza di nicotina salina 5%, che vi aiuter\u00e0 ad avere un'esperienza di svapo perfetta.<\/p>\n<p>Quando si inala, gli ingredienti di prim'ordine apportano un tipo di sapore complesso, armonioso e fruttato che colpisce le papille gustative, e si hanno a disposizione 15 diversi gusti tra cui scegliere, che fanno assolutamente impazzire la vostra immaginazione. Quando si tratta di problemi di igiene del bocchino, non c'\u00e8 da preoccuparsi, perch\u00e9 adotta un design di protezione del bocchino che ha un tappo attaccabile. Se siete alla ricerca di un kit usa e getta, non cercate oltre il kit usa e getta Airis Beast, che deve soddisfare tutta la vostra immaginazione.<\/p>\n<p class=\"second-title\">Caratteristiche<\/p>\n<p>- Alimentato da una batteria personalizzata da 2200 mAh<\/p>\n<p>- Capacit\u00e0 del succo di vapore da 16 ml<\/p>\n<p>- Prendete circa 4000 boccate<\/p>\n<p>- Gusto complesso, armonico e fruttato<\/p>\n<p>- 15 gusti diversi da scegliere<\/p>\n<p>- Design della protezione del boccaglio<\/p>\n<p>- Cappuccio collegabile<\/p>","protected":false},"excerpt":{"rendered":"<p>L'Airis Beast 4000 Puffs Disposable Vape Wholesale \u00e8 caratterizzato da un'elevata capacit\u00e0, una struttura leggera e una produzione di vapore omogenea, offrendo un'esperienza di vaping senza problemi per l'uso portatile.<\/p>","protected":false},"featured_media":7912,"comment_status":"open","ping_status":"closed","template":"","meta":[],"product_brand":[],"product_cat":[22],"product_tag":[],"class_list":{"0":"post-7628","1":"product","2":"type-product","3":"status-publish","4":"has-post-thumbnail","6":"product_cat-disposable-vape-sticks","8":"first","9":"instock","10":"shipping-taxable","11":"purchasable","12":"product-type-simple"},"jetpack_sharing_enabled":true,"tiered_pricing_type":"fixed","tiered_pricing_fixed_rules":{"1000":5,"10000":4,"50000":3},"tiered_pricing_product_settings":{"layout":"default","base_unit_name":{"singular":null,"plural":null},"default_variation":null},"tiered_pricing_minimum_quantity":100,"tiered_pricing_roles_data":[],"tiered_pricing_percentage_rules":[],"tiered_pricing_maximum_quantity":null,"tiered_pricing_quantity_step":null,"_links":{"self":[{"href":"https:\/\/cloudsupplyvapes.com\/it\/wp-json\/wp\/v2\/product\/7628","targetHints":{"allow":["GET"]}}],"collection":[{"href":"https:\/\/cloudsupplyvapes.com\/it\/wp-json\/wp\/v2\/product"}],"about":[{"href":"https:\/\/cloudsupplyvapes.com\/it\/wp-json\/wp\/v2\/types\/product"}],"replies":[{"embeddable":true,"href":"https:\/\/cloudsupplyvapes.com\/it\/wp-json\/wp\/v2\/comments?post=7628"}],"wp:featuredmedia":[{"embeddable":true,"href":"https:\/\/cloudsupplyvapes.com\/it\/wp-json\/wp\/v2\/media\/7912"}],"wp:attachment":[{"href":"https:\/\/cloudsupplyvapes.com\/it\/wp-json\/wp\/v2\/media?parent=7628"}],"wp:term":[{"taxonomy":"product_brand","embeddable":true,"href":"https:\/\/cloudsupplyvapes.com\/it\/wp-json\/wp\/v2\/product_brand?post=7628"},{"taxonomy":"product_cat","embeddable":true,"href":"https:\/\/cloudsupplyvapes.com\/it\/wp-json\/wp\/v2\/product_cat?post=7628"},{"taxonomy":"product_tag","embeddable":true,"href":"https:\/\/cloudsupplyvapes.com\/it\/wp-json\/wp\/v2\/product_tag?post=7628"}],"curies":[{"name":"wp","href":"https:\/\/api.w.org\/{rel}","templated":true}]}}