{"id":7933,"date":"2024-10-19T02:55:35","date_gmt":"2024-10-19T02:55:35","guid":{"rendered":"https:\/\/cloudsupplyvapes.com\/?post_type=product&#038;p=7933"},"modified":"2024-11-25T03:59:43","modified_gmt":"2024-11-25T03:59:43","slug":"-245","status":"publish","type":"product","link":"https:\/\/cloudsupplyvapes.com\/it\/product\/crystal-prime-7000-puffs-disposable-vape-wholesale\/","title":{"rendered":"CRYSTAL PRIME 7000 soffi di vapore monouso all'ingrosso ricaricabile a prova di perdite"},"content":{"rendered":"<div><strong>SPECIFICHE:<\/strong><\/div>\n<div><\/div>\n<div>Batteria: batteria integrata da 600 mAh<\/div>\n<div><\/div>\n<div>Bobina a rete per un sapore migliore<\/div>\n<div><\/div>\n<div>Capacit\u00e0 della cialda: 2 ml di succo precaricato<\/div>\n<div><\/div>\n<div>Contenuto di nicotina: 2%Nic Sale<\/div>\n<div><\/div>\n<div>Dispositivo con effetto 3D completo a colori cristallini<\/div>\n<div><\/div>\n<div>Attivazione del disegno<\/div>\n<div><\/div>\n<div>Bobina a rete da 1,2ohm<\/div>\n<div><\/div>\n<div>Design dallo stile unico<\/div>\n<div><\/div>\n<div>Flusso d'aria regolabile<\/div>\n<div><\/div>\n<div>Sottile, compatto e facile da tenere in tasca<\/div>\n<div><\/div>\n<div>Scelta di molti gusti<\/div>\n<div><\/div>\n<div><strong>Aromi:<\/strong><\/div>\n<div><\/div>\n<div>Ghiaccio alla banana:<\/div>\n<div><\/div>\n<div>\u00c8 un gusto cremoso alla banana, ricco e dolce, arricchito da una finitura ghiacciata che vi regaler\u00e0 un'incredibile svapata fresca. Un popolare piacere ghiacciato con un delizioso sapore di banana racchiuso in un freddo strato di ghiaccio.<\/div>\n<div><\/div>\n<div>Berry Blaze:<\/div>\n<div><\/div>\n<div>Un'esplosione fruttata di bacche e ribes nero mescolati insieme. Un tocco di ghiaccio rinfrescante nell'espirazione completa l'intero sapore e crea un'eccezionale svapata per tutto il giorno.<\/div>\n<div><\/div>\n<div>Black Mamba:<\/div>\n<div><\/div>\n<div>\u00c8 un delizioso intruglio di more e mirtilli rossi, con una spruzzata di agrumi brillanti.<\/div>\n<div><\/div>\n<div>Blu Razz Cherry:<\/div>\n<div><\/div>\n<div>Un aroma di frutti di bosco dolce e piccante con una forte carica. Abbina il gusto dolce della ciliegia con le note piccanti del lampone blu, creando una svapata di frutti di bosco.<\/div>\n<div><\/div>\n<div>Limonata Blue Razz:<\/div>\n<div><\/div>\n<div>Presenta note dolci e piccanti di limonata che stuzzicheranno le vostre papille gustative, infuse con deliziosi aromi di lampone blu per creare un'esperienza di svapo rinfrescante.<\/div>\n<div><\/div>\n<div>Mirtillo e lampone acido:<\/div>\n<div><\/div>\n<div>Presenta note agrodolci di mirtilli abbinate a lamponi aspri, creando un'esperienza di svapo stuzzicante con un retrogusto fruttato.<\/div>\n<div><\/div>\n<div>Mirtillo e lampone:<\/div>\n<div><\/div>\n<div>Mirtillo e lampone offrono una sensazione di sapore di frutta. Presenta una miscela di frutti di bosco che cattura le note dolci del mirtillo abbinate a lamponi saporiti ma aromatici, per creare un'esperienza di svapo soddisfacente e fruttata per tutto il giorno.<\/div>\n<div><\/div>\n<div>Ghiaccio alla ciliegia:<\/div>\n<div><\/div>\n<div>Rosso, vibrante e pieno di sapore, Cherry Ice prende uno dei gusti di e-liquid pi\u00f9 amati e lo rende iconico. Fresco e fruttato, con un palato pieno e ricco di sapori, \u00e8 super raffreddato e addolcito in una svapata molto amata per tutto il giorno.<\/div>\n<div><\/div>\n<div>Anguria alla ciliegia:<\/div>\n<div><\/div>\n<div>Lasciatevi tentare dai sapori appetitosi della succosa anguria, perfettamente amalgamati con note di ciliegie pungenti. Le vostre papille gustative vi ringrazieranno per questa irresistibile svapata che dura tutto il giorno!<\/div>\n<div><\/div>\n<div>Ciliegia frizzante:<\/div>\n<div><\/div>\n<div>Una deliziosa miscela dal sapore estivo con un tocco che cattura una combinazione di ciliegie dolci infuse con un retrogusto frizzante per creare un gusto di svapo stuzzicante e soddisfacente.<\/div>\n<div><\/div>\n<div>Menta fresca:<\/div>\n<div><\/div>\n<div>Una vera stravaganza rinfrescante, puro sapore di menta senza toni di tabacco, solo menta fresca e pulita.<\/div>\n<div><\/div>\n<div>Bomba di frutta:<\/div>\n<div><\/div>\n<div><\/div>\n<div><\/div>\n<div>Orso gommoso:<\/div>\n<div><\/div>\n<div>Non c'\u00e8 niente di cos\u00ec soddisfacente come mordere un orsetto gommoso. Quel morso gommoso e delizioso, pieno di sapore, \u00e8 molto particolare e unico.<\/div>\n<div><\/div>\n<div>Hubba Bubba:<\/div>\n<div><\/div>\n<div>L'eliquid Watermelon Lychee \u00e8 una fusione di frutti tropicali con un finale fresco. Durante l'inspirazione si percepiscono le note dolci e succose dell'anguria, che si combinano nell'espirazione con il gusto leggero del litchi fresco, mentre il ghiaccio crea un finale morbido.<\/div>\n<div><\/div>\n<div>Ghiaccioli:<\/div>\n<div><\/div>\n<div>Rinfrescatevi e abbandonatevi al piacere nostalgico di Ice Pop. Riempito con una miscela dolce e fruttata ispirata ai ghiaccioli, raffreddata da uno strato di mentolo.<\/div>\n<div><\/div>\n<div>Limone e lime:<\/div>\n<div><\/div>\n<div>Una potente miscela di giganti degli agrumi, un'accoppiata perfetta. Limoni freschi e saporiti che fanno venire l'acquolina in bocca, con una spruzzata di lime saporito e piccante. Un'esplosione di gioia di vivere!<\/div>\n<div><\/div>\n<div>Mr. Blue:<\/div>\n<div><\/div>\n<div>Un bel mix di bacche mescolate con un pizzico di mentolo per creare una svapata fresca e fantasticamente fruttata!<\/div>\n<div><\/div>\n<div>Ghiaccio all'ananas:<\/div>\n<div><\/div>\n<div>Presenta una fantastica miscela di ananas agrodolce fusa con ghiaccio tritato per una svapata fresca e gustosa che dura tutto il giorno. La miscela di sapori dell'ananas tropicale \u00e8 assolutamente fantastica e si avvolge perfettamente al ghiaccio.<\/div>\n<div><\/div>\n<div>Ananas Kiwi:<\/div>\n<div><\/div>\n<div><\/div>\n<div><\/div>\n<div>Caramelle arcobaleno:<\/div>\n<div><\/div>\n<div>Un'appetitosa fusione di sapori fruttati che far\u00e0 impazzire le vostre papille gustative. Preparatevi ad assaporare l'arcobaleno e a deliziarvi con una delizia davvero magica con Rainbow Candy!<\/div>\n<div><\/div>\n<div>Lampone e menta:<\/div>\n<div><\/div>\n<div>Combina i sapori dolci e succosi dei lamponi con una fresca brezza di menta, per offrire un'esperienza di vaping leggera e fruttata, al mentolo.<\/div>\n<div><\/div>\n<div>Ghiaccio alla mela rossa:<\/div>\n<div><\/div>\n<div>Presenta una miscela ghiacciata, che cattura le succose note di sapore di mela rossa con riflessi dolci fusi con il ghiaccio rinfrescante, creando un'esperienza di svapo soddisfacente.<\/div>\n<div><\/div>\n<div>Energia rossa alla fragola:<\/div>\n<div><\/div>\n<div>Un succoso gusto energetico alla fragola che offre il miglior equilibrio fruttato che si possa trovare. Le fragole fresche vengono gettate in un frullatore pieno di una bevanda energetica.<\/div>\n<div><\/div>\n<div>Dolci arcobaleno:<\/div>\n<div><\/div>\n<div>Le caramelle arcobaleno Rainbow Sweets (nome cambiato) sono ricche di sapori arcobaleno! Ogni soffio offre un sapore unico dello spettro<\/div>\n<div><\/div>\n<div>Kiwi alla fragola:<\/div>\n<div><\/div>\n<div>\u00c8 un dolce viaggio nell'estate con appetitose fette di kiwi e fragole dolci. \u00c8 una deliziosa miscela di due frutti popolari che cattura perfettamente un'esperienza dolce e piccante.<\/div>\n<div><\/div>\n<div>Ghiaccio alla fragola, lampone e ciliegia:<\/div>\n<div><\/div>\n<div>Si tratta di una deliziosa miscela di fragole fresche e aromatiche, lamponi grossi e leggermente aspri e ciliegie ricche, il tutto completato da una folata di ghiaccio.<\/div>\n<div><\/div>\n<div>Sogno d'estate:<\/div>\n<div><\/div>\n<div>Un'esplosione di frutti tropicali, tra cui ananas succoso, mango delizioso e papaya dolce, seguita da un retrogusto rinfrescante e rivitalizzante di mentolo. Una fantastica miscela di frutti tropicali e agrumi.<\/div>\n<div><\/div>\n<div>Triplo mango:<\/div>\n<div><\/div>\n<div>Mango ice offre una combinazione di mango succulento e un effetto ghiaccio rinfrescante per creare un'esperienza di vaping sfaccettata che vi lascer\u00e0 soddisfatti.<\/div>\n<div><\/div>\n<div>Ghiaccio all'anguria:<\/div>\n<div><\/div>\n<div>Si tratta di un succoso sapore di anguria simile a quello del vostro dispositivo usa e getta preferito! Amichevole con le coil e brillante nel sapore!<\/div>","protected":false},"excerpt":{"rendered":"<p>CRYSTAL PRIME 7000 Puffs Disposable Vape Wholesale \u00e8 dotato di un design ricaricabile con tecnologia a prova di perdite, che garantisce un vapore omogeneo e un'esperienza d'uso senza problemi.<\/p>","protected":false},"featured_media":8207,"comment_status":"open","ping_status":"closed","template":"","meta":[],"product_brand":[],"product_cat":[22],"product_tag":[],"class_list":{"0":"post-7933","1":"product","2":"type-product","3":"status-publish","4":"has-post-thumbnail","6":"product_cat-disposable-vape-sticks","8":"first","9":"instock","10":"shipping-taxable","11":"purchasable","12":"product-type-simple"},"jetpack_sharing_enabled":true,"tiered_pricing_type":"fixed","tiered_pricing_fixed_rules":{"1000":6,"10000":5,"50000":4},"tiered_pricing_product_settings":{"layout":"default","base_unit_name":{"singular":null,"plural":null},"default_variation":null},"tiered_pricing_minimum_quantity":100,"tiered_pricing_roles_data":[],"tiered_pricing_percentage_rules":[],"tiered_pricing_maximum_quantity":null,"tiered_pricing_quantity_step":null,"_links":{"self":[{"href":"https:\/\/cloudsupplyvapes.com\/it\/wp-json\/wp\/v2\/product\/7933","targetHints":{"allow":["GET"]}}],"collection":[{"href":"https:\/\/cloudsupplyvapes.com\/it\/wp-json\/wp\/v2\/product"}],"about":[{"href":"https:\/\/cloudsupplyvapes.com\/it\/wp-json\/wp\/v2\/types\/product"}],"replies":[{"embeddable":true,"href":"https:\/\/cloudsupplyvapes.com\/it\/wp-json\/wp\/v2\/comments?post=7933"}],"wp:featuredmedia":[{"embeddable":true,"href":"https:\/\/cloudsupplyvapes.com\/it\/wp-json\/wp\/v2\/media\/8207"}],"wp:attachment":[{"href":"https:\/\/cloudsupplyvapes.com\/it\/wp-json\/wp\/v2\/media?parent=7933"}],"wp:term":[{"taxonomy":"product_brand","embeddable":true,"href":"https:\/\/cloudsupplyvapes.com\/it\/wp-json\/wp\/v2\/product_brand?post=7933"},{"taxonomy":"product_cat","embeddable":true,"href":"https:\/\/cloudsupplyvapes.com\/it\/wp-json\/wp\/v2\/product_cat?post=7933"},{"taxonomy":"product_tag","embeddable":true,"href":"https:\/\/cloudsupplyvapes.com\/it\/wp-json\/wp\/v2\/product_tag?post=7933"}],"curies":[{"name":"wp","href":"https:\/\/api.w.org\/{rel}","templated":true}]}}