{"id":8515,"date":"2024-10-19T03:00:03","date_gmt":"2024-10-19T03:00:03","guid":{"rendered":"https:\/\/cloudsupplyvapes.com\/?post_type=product&#038;p=8515"},"modified":"2024-11-25T03:58:55","modified_gmt":"2024-11-25T03:58:55","slug":"-276","status":"publish","type":"product","link":"https:\/\/cloudsupplyvapes.com\/it\/product\/bang-crown-18000-puff-disposable-vape-wholesale\/","title":{"rendered":"Bang Crown 18000 Puff Vape usa e getta all'ingrosso Prestazioni compatte e durevoli"},"content":{"rendered":"<h2>Gusti disponibili:<\/h2>\n<ol>\n<li>Pesca e mango<\/li>\n<li>Mela acida<\/li>\n<li>Uva<\/li>\n<li>Sangue di tigre<\/li>\n<li>Mirtillo Lampone<\/li>\n<li>Uva mirtillo<\/li>\n<li>Frutta mista<\/li>\n<li>Anguria alla fragola<\/li>\n<li>Fragola Kiwi<\/li>\n<li>Mango alla fragola<\/li>\n<li>Ananas e cocco<\/li>\n<li>Ghiaccio alla menta<\/li>\n<li>Ghiaccio all'anguria<\/li>\n<li>Ghiaccio al mirtillo<\/li>\n<li>Ghiaccio alla pesca<\/li>\n<li>Gomma da masticare all'anguria<\/li>\n<\/ol>\n<h3>Bang Crown 18000 Vape usa e getta Specifiche<\/h3>\n<table>\n<thead>\n<tr>\n<th><strong>Caratteristica<\/strong><\/th>\n<th><strong>Specifiche<\/strong><\/th>\n<\/tr>\n<\/thead>\n<tbody>\n<tr>\n<td>Capacit\u00e0 della batteria<\/td>\n<td>650 mAh<\/td>\n<\/tr>\n<tr>\n<td>Capacit\u00e0 del liquido elettronico<\/td>\n<td>24ml<\/td>\n<\/tr>\n<tr>\n<td>Forza della nicotina<\/td>\n<td>0%, 2%, 3%, 5% (default)<\/td>\n<\/tr>\n<tr>\n<td>Bign\u00e8<\/td>\n<td>Fino a 18000 soffi<\/td>\n<\/tr>\n<tr>\n<td>Peso della confezione<\/td>\n<td>18,6 kg\/200 pezzi<\/td>\n<\/tr>\n<\/tbody>\n<\/table>\n<h3>Caratteristiche principali:<\/h3>\n<ul>\n<li><strong>Selezione di sapori ricchi:<\/strong> Offre una variet\u00e0 di 16 gusti distintivi per soddisfare le preferenze di ogni consumatore.<\/li>\n<li><strong>Durata del vaping prolungata:<\/strong> Supporta fino a 18000 boccate grazie alla potente batteria da 650 mAh e alla notevole riserva di e-liquid.<\/li>\n<li><strong>Grande capacit\u00e0 di liquido elettronico:<\/strong> Pre-riempito con 24 ml di e-liquid, garantisce un uso duraturo senza frequenti ricariche.<\/li>\n<li><strong>Opzioni di nicotina flessibili:<\/strong> Disponibile in diverse concentrazioni di nicotina per soddisfare sia i nuovi vapers che quelli pi\u00f9 esperti.<\/li>\n<li><strong>Design portatile ed elegante:<\/strong> Progettato per la praticit\u00e0 e la portabilit\u00e0, \u00e8 ideale per il vaping in movimento.<\/li>\n<\/ul>\n<h3>Perch\u00e9 scegliere Bang Crown 18000?<\/h3>\n<p>Bang Crown 18000 si distingue sul mercato per l'eccezionale numero di puff e l'ampia gamma di aromi. \u00c8 stato progettato per i vapers che richiedono un'esperienza di svapo pi\u00f9 duratura, saporita e robusta. Perfetto per coloro che apprezzano la variet\u00e0 e la qualit\u00e0 nel loro percorso di svapo.<\/p>","protected":false},"excerpt":{"rendered":"<p>Bang Crown 18000 Puff Disposable Vape Wholesale ha un design elegante e una produzione di vapore costante. Non richiede manutenzione ed \u00e8 la soluzione ideale per svapare senza problemi.<\/p>","protected":false},"featured_media":8888,"comment_status":"open","ping_status":"closed","template":"","meta":[],"product_brand":[],"product_cat":[481,22],"product_tag":[31],"class_list":{"0":"post-8515","1":"product","2":"type-product","3":"status-publish","4":"has-post-thumbnail","6":"product_cat-bang","7":"product_cat-disposable-vape-sticks","8":"product_tag-bang","10":"first","11":"instock","12":"shipping-taxable","13":"purchasable","14":"product-type-simple"},"jetpack_sharing_enabled":true,"tiered_pricing_type":"fixed","tiered_pricing_fixed_rules":[],"tiered_pricing_product_settings":{"layout":"default","base_unit_name":{"singular":null,"plural":null},"default_variation":null},"tiered_pricing_minimum_quantity":30,"tiered_pricing_roles_data":[],"tiered_pricing_percentage_rules":[],"tiered_pricing_maximum_quantity":null,"tiered_pricing_quantity_step":"10","_links":{"self":[{"href":"https:\/\/cloudsupplyvapes.com\/it\/wp-json\/wp\/v2\/product\/8515","targetHints":{"allow":["GET"]}}],"collection":[{"href":"https:\/\/cloudsupplyvapes.com\/it\/wp-json\/wp\/v2\/product"}],"about":[{"href":"https:\/\/cloudsupplyvapes.com\/it\/wp-json\/wp\/v2\/types\/product"}],"replies":[{"embeddable":true,"href":"https:\/\/cloudsupplyvapes.com\/it\/wp-json\/wp\/v2\/comments?post=8515"}],"wp:featuredmedia":[{"embeddable":true,"href":"https:\/\/cloudsupplyvapes.com\/it\/wp-json\/wp\/v2\/media\/8888"}],"wp:attachment":[{"href":"https:\/\/cloudsupplyvapes.com\/it\/wp-json\/wp\/v2\/media?parent=8515"}],"wp:term":[{"taxonomy":"product_brand","embeddable":true,"href":"https:\/\/cloudsupplyvapes.com\/it\/wp-json\/wp\/v2\/product_brand?post=8515"},{"taxonomy":"product_cat","embeddable":true,"href":"https:\/\/cloudsupplyvapes.com\/it\/wp-json\/wp\/v2\/product_cat?post=8515"},{"taxonomy":"product_tag","embeddable":true,"href":"https:\/\/cloudsupplyvapes.com\/it\/wp-json\/wp\/v2\/product_tag?post=8515"}],"curies":[{"name":"wp","href":"https:\/\/api.w.org\/{rel}","templated":true}]}}