{"id":8516,"date":"2024-10-19T03:00:04","date_gmt":"2024-10-19T03:00:04","guid":{"rendered":"https:\/\/cloudsupplyvapes.com\/?post_type=product&#038;p=8516"},"modified":"2024-11-25T03:58:33","modified_gmt":"2024-11-25T03:58:33","slug":"-279","status":"publish","type":"product","link":"https:\/\/cloudsupplyvapes.com\/it\/product\/bang-king-25000-puff-disposable-vape-wholesale\/","title":{"rendered":"Bang King 25000 Puff usa e getta Vape all'ingrosso Alta capacit\u00e0 Design duraturo"},"content":{"rendered":"<h2>Gusti disponibili:<\/h2>\n<ol>\n<li>Ghiaccio Blu Razz<\/li>\n<li>Ghiaccio alla pesca succosa<\/li>\n<li>Anguria alla fragola<\/li>\n<li>Ghiaccio all'anguria<\/li>\n<li>Fragola e banana<\/li>\n<li>Ghiaccio alla mela acida<\/li>\n<li>Triplo ghiaccio ai frutti di bosco<\/li>\n<li>Frutta tropicale<\/li>\n<li>Bomba alla ciliegia<\/li>\n<li>Ghiaccio d'uva<\/li>\n<li>Pesca e mango<\/li>\n<li>Mango alla fragola<\/li>\n<\/ol>\n<h3>Bang King 25000 Vape usa e getta Specifiche<\/h3>\n<table>\n<thead>\n<tr>\n<th><strong>Caratteristica<\/strong><\/th>\n<th><strong>Specifiche<\/strong><\/th>\n<\/tr>\n<\/thead>\n<tbody>\n<tr>\n<td>Capacit\u00e0 della batteria<\/td>\n<td>650 mAh<\/td>\n<\/tr>\n<tr>\n<td>Capacit\u00e0 del liquido elettronico<\/td>\n<td>25ml<\/td>\n<\/tr>\n<tr>\n<td>Forza della nicotina<\/td>\n<td>0%, 2%, 3%, 5% (default)<\/td>\n<\/tr>\n<tr>\n<td>Bign\u00e8<\/td>\n<td>Fino a 25000 soffi<\/td>\n<\/tr>\n<tr>\n<td>Fascia di prezzo<\/td>\n<td>$28-$32<\/td>\n<\/tr>\n<tr>\n<td>Peso della confezione<\/td>\n<td>19,8 kg\/200 pezzi<\/td>\n<\/tr>\n<\/tbody>\n<\/table>\n<h3>Caratteristiche principali:<\/h3>\n<ul>\n<li><strong>Ampia selezione di sapori:<\/strong> Offre un'ampia gamma di 12 gusti, in grado di soddisfare le diverse preferenze di gusto.<\/li>\n<li><strong>Ampio numero di soffi:<\/strong> Progettato per erogare fino a 25000 soffi, garantendo un utilizzo di lunga durata.<\/li>\n<li><strong>Generosa capacit\u00e0 di liquido elettronico:<\/strong> Ogni dispositivo \u00e8 dotato di 25 ml di e-liquid, per aumentare la durata delle sessioni di svapo.<\/li>\n<li><strong>Livelli di nicotina regolabili:<\/strong> Disponibile in tre gradazioni di nicotina, \u00e8 adatto ai vapers in tutte le fasi del loro percorso.<\/li>\n<li><strong>Batteria forte e affidabile:<\/strong> La batteria da 650 mAh assicura prestazioni costanti per tutta la durata del dispositivo.<\/li>\n<\/ul>\n<h3>Perch\u00e9 scegliere Bang King 25000?<\/h3>\n<p>Bang King 25000 \u00e8 la scelta principale per i vapers che apprezzano la diversit\u00e0 dei sapori e la capacit\u00e0 di svapo estesa. L'ampia gamma di opzioni aromatiche e la notevole quantit\u00e0 di boccate ne fanno un prodotto di spicco sia per i vapers pi\u00f9 esperti che per i nuovi arrivati.<\/p>","protected":false},"excerpt":{"rendered":"<p>Il Bang King 25000 Puff Disposable Vape Wholesale offre un'elevata capacit\u00e0 con un design leggero e resistente. Perfetto per chi cerca sessioni di svapo ultraportatili e prolungate.<\/p>","protected":false},"featured_media":8916,"comment_status":"open","ping_status":"closed","template":"","meta":[],"product_brand":[],"product_cat":[481,22],"product_tag":[31],"class_list":{"0":"post-8516","1":"product","2":"type-product","3":"status-publish","4":"has-post-thumbnail","6":"product_cat-bang","7":"product_cat-disposable-vape-sticks","8":"product_tag-bang","10":"first","11":"instock","12":"shipping-taxable","13":"purchasable","14":"product-type-simple"},"jetpack_sharing_enabled":true,"tiered_pricing_type":"fixed","tiered_pricing_fixed_rules":[],"tiered_pricing_product_settings":{"layout":"default","base_unit_name":{"singular":null,"plural":null},"default_variation":null},"tiered_pricing_minimum_quantity":10,"tiered_pricing_roles_data":[],"tiered_pricing_percentage_rules":[],"tiered_pricing_maximum_quantity":null,"tiered_pricing_quantity_step":"10","_links":{"self":[{"href":"https:\/\/cloudsupplyvapes.com\/it\/wp-json\/wp\/v2\/product\/8516","targetHints":{"allow":["GET"]}}],"collection":[{"href":"https:\/\/cloudsupplyvapes.com\/it\/wp-json\/wp\/v2\/product"}],"about":[{"href":"https:\/\/cloudsupplyvapes.com\/it\/wp-json\/wp\/v2\/types\/product"}],"replies":[{"embeddable":true,"href":"https:\/\/cloudsupplyvapes.com\/it\/wp-json\/wp\/v2\/comments?post=8516"}],"wp:featuredmedia":[{"embeddable":true,"href":"https:\/\/cloudsupplyvapes.com\/it\/wp-json\/wp\/v2\/media\/8916"}],"wp:attachment":[{"href":"https:\/\/cloudsupplyvapes.com\/it\/wp-json\/wp\/v2\/media?parent=8516"}],"wp:term":[{"taxonomy":"product_brand","embeddable":true,"href":"https:\/\/cloudsupplyvapes.com\/it\/wp-json\/wp\/v2\/product_brand?post=8516"},{"taxonomy":"product_cat","embeddable":true,"href":"https:\/\/cloudsupplyvapes.com\/it\/wp-json\/wp\/v2\/product_cat?post=8516"},{"taxonomy":"product_tag","embeddable":true,"href":"https:\/\/cloudsupplyvapes.com\/it\/wp-json\/wp\/v2\/product_tag?post=8516"}],"curies":[{"name":"wp","href":"https:\/\/api.w.org\/{rel}","templated":true}]}}