{"id":8633,"date":"2024-10-19T03:01:12","date_gmt":"2024-10-19T03:01:12","guid":{"rendered":"https:\/\/cloudsupplyvapes.com\/?post_type=product&#038;p=8633"},"modified":"2024-11-25T03:55:08","modified_gmt":"2024-11-25T03:55:08","slug":"-251","status":"publish","type":"product","link":"https:\/\/cloudsupplyvapes.com\/it\/product\/elfworld-reload-6000-puff-vape-kit-wholesale-rechargeable-multi-flavor-options-great-prices\/","title":{"rendered":"ELFWORLD Reload 6000 Puff Vape Kit all'ingrosso ricaricabile Opzioni multi sapore"},"content":{"rendered":"<h3>Kit ELFWORLD Reload 6000 Specifiche tecniche<\/h3>\n<table>\n<thead>\n<tr>\n<th>Caratteristica<\/th>\n<th>Specifiche<\/th>\n<\/tr>\n<\/thead>\n<tbody>\n<tr>\n<td>Forza della nicotina<\/td>\n<td>0%, 2%, 3%, 5% Sale di nicotina<\/td>\n<\/tr>\n<tr>\n<td>Capacit\u00e0 del liquido elettronico<\/td>\n<td>12mL<\/td>\n<\/tr>\n<tr>\n<td>Tipo di bobina<\/td>\n<td>Bobina a rete<\/td>\n<\/tr>\n<tr>\n<td>Sistema Pod<\/td>\n<td>Pod intercambiabile<\/td>\n<\/tr>\n<tr>\n<td>Gusti disponibili<\/td>\n<td>Menta fresca, frutti di bosco misti, orsetto gommoso, Ghiaccio Lush, Ghiaccio Mango, Ghiaccio Banana, Ghiaccio Blu Razz, Kiwi Fragola, Anguria Fragola, Limonata Rosa<\/td>\n<\/tr>\n<tr>\n<td>Batteria<\/td>\n<td>Batteria ricaricabile integrata da 650 mAh<\/td>\n<\/tr>\n<tr>\n<td>Ricarica<\/td>\n<td>USB tipo-C<\/td>\n<\/tr>\n<tr>\n<td>Confezione per kit<\/td>\n<td>10 pezzi in una scatola da esposizione<\/td>\n<\/tr>\n<tr>\n<td>Imballaggio per cartone<\/td>\n<td>200 pezzi in un cartone<\/td>\n<\/tr>\n<tr>\n<td>Dimensioni del cartone<\/td>\n<td>535 mm x 275 mm x 270 mm<\/td>\n<\/tr>\n<tr>\n<td>Peso del cartone<\/td>\n<td>16KG<\/td>\n<\/tr>\n<\/tbody>\n<\/table>\n<h4><strong>Gusti disponibili:<\/strong><\/h4>\n<ul>\n<li>Menta fresca<\/li>\n<li>Bacche miste<\/li>\n<li>Orso gommoso<\/li>\n<li>Ghiaccio lussureggiante<\/li>\n<li>Ghiaccio al mango<\/li>\n<li>Ghiaccio alla banana<\/li>\n<li>Ghiaccio Blu Razz<\/li>\n<li>Fragola Kiwi<\/li>\n<li>Anguria alla fragola<\/li>\n<li>Limonata rosa<\/li>\n<\/ul>\n<h4><strong>Caratteristiche principali:<\/strong><\/h4>\n<ul>\n<li><strong>Punti di forza della nicotina:<\/strong> Disponibile nelle concentrazioni di sale di nicotina 0%, 2%, 3% e 5%, per soddisfare sia i principianti che i vapers esperti in cerca di diversi livelli di soddisfazione.<\/li>\n<li><strong>Capacit\u00e0 del liquido elettronico:<\/strong> Ogni cialda viene fornita con 12 ml di e-liquid di alta qualit\u00e0, garantendo un'esperienza di svapo di lunga durata senza bisogno di frequenti ricariche.<\/li>\n<li><strong>Tipo di bobina:<\/strong> Dotato di una bobina a rete all'avanguardia, questo dispositivo offre una svapata sempre liscia e saporita ad ogni boccata.<\/li>\n<li><strong>Sistema Pod:<\/strong> Il design della cialda \u00e8 intercambiabile e consente agli utenti di cambiare aroma in movimento senza sforzo e di mantenere la freschezza della svapata.<\/li>\n<li><strong>Batteria:<\/strong> Include una batteria ricaricabile integrata da 650 mAh, che fornisce un'ampia potenza per supportare sessioni di vaping prolungate. La ricarica \u00e8 comoda e veloce grazie alla porta USB Type-C.<\/li>\n<li><strong>Imballaggio:<\/strong> Ogni kit contiene 10 pezzi in una scatola da esposizione, con 200 pezzi per cartone. Le dimensioni del cartone sono 535 mm x 275 mm x 270 mm e il peso \u00e8 di circa 16 kg.<\/li>\n<\/ul>\n<h4><strong>Perch\u00e9 scegliere il kit ELFWORLD Reload 6000?<\/strong><\/h4>\n<p>Il kit ELFWORLD Reload 6000 \u00e8 perfetto per i vapers che apprezzano la convenienza, la variet\u00e0 dei sapori e la qualit\u00e0. Sia che preferiate il sapore rinfrescante della menta fresca o il dolce abbraccio dell'orsetto gommoso, c'\u00e8 un gusto che soddisfa ogni palato. La batteria robusta e l'efficiente bobina a rete assicurano che ogni pod offra la migliore esperienza possibile, dalla prima all'ultima boccata.<\/p>","protected":false},"excerpt":{"rendered":"<p>Il kit di svapo ELFWORLD Reload 6000 Puff offre un design ricaricabile, un'efficiente durata della batteria e diverse opzioni di aroma per una ricca esperienza di svapo.<\/p>","protected":false},"featured_media":8847,"comment_status":"open","ping_status":"closed","template":"","meta":[],"product_brand":[],"product_cat":[22,480],"product_tag":[467],"class_list":{"0":"post-8633","1":"product","2":"type-product","3":"status-publish","4":"has-post-thumbnail","6":"product_cat-disposable-vape-sticks","7":"product_cat-elfworld","8":"product_tag-elfworld","10":"first","11":"instock","12":"sale","13":"shipping-taxable","14":"purchasable","15":"product-type-simple"},"jetpack_sharing_enabled":true,"tiered_pricing_type":"fixed","tiered_pricing_fixed_rules":{"2000":10.5,"10000":9.9000000000000003552713678800500929355621337890625},"tiered_pricing_product_settings":{"layout":"default","base_unit_name":{"singular":null,"plural":null},"default_variation":null},"tiered_pricing_minimum_quantity":30,"tiered_pricing_roles_data":[],"tiered_pricing_percentage_rules":[],"tiered_pricing_maximum_quantity":null,"tiered_pricing_quantity_step":null,"_links":{"self":[{"href":"https:\/\/cloudsupplyvapes.com\/it\/wp-json\/wp\/v2\/product\/8633","targetHints":{"allow":["GET"]}}],"collection":[{"href":"https:\/\/cloudsupplyvapes.com\/it\/wp-json\/wp\/v2\/product"}],"about":[{"href":"https:\/\/cloudsupplyvapes.com\/it\/wp-json\/wp\/v2\/types\/product"}],"replies":[{"embeddable":true,"href":"https:\/\/cloudsupplyvapes.com\/it\/wp-json\/wp\/v2\/comments?post=8633"}],"wp:featuredmedia":[{"embeddable":true,"href":"https:\/\/cloudsupplyvapes.com\/it\/wp-json\/wp\/v2\/media\/8847"}],"wp:attachment":[{"href":"https:\/\/cloudsupplyvapes.com\/it\/wp-json\/wp\/v2\/media?parent=8633"}],"wp:term":[{"taxonomy":"product_brand","embeddable":true,"href":"https:\/\/cloudsupplyvapes.com\/it\/wp-json\/wp\/v2\/product_brand?post=8633"},{"taxonomy":"product_cat","embeddable":true,"href":"https:\/\/cloudsupplyvapes.com\/it\/wp-json\/wp\/v2\/product_cat?post=8633"},{"taxonomy":"product_tag","embeddable":true,"href":"https:\/\/cloudsupplyvapes.com\/it\/wp-json\/wp\/v2\/product_tag?post=8633"}],"curies":[{"name":"wp","href":"https:\/\/api.w.org\/{rel}","templated":true}]}}