{"id":8634,"date":"2024-10-19T03:01:12","date_gmt":"2024-10-19T03:01:12","guid":{"rendered":"https:\/\/cloudsupplyvapes.com\/?post_type=product&#038;p=8634"},"modified":"2024-11-25T03:54:22","modified_gmt":"2024-11-25T03:54:22","slug":"-252","status":"publish","type":"product","link":"https:\/\/cloudsupplyvapes.com\/it\/product\/elfworld-ai22000-disposable-wholesale-dual-mesh-coil-22000-puffs-diverse-flavors\/","title":{"rendered":"ELFWORLD Ai22000 Vape monouso all'ingrosso Bobina a doppia maglia Prestazioni affidabili"},"content":{"rendered":"<h4><strong>Gusti disponibili:<\/strong><\/h4>\n<ul>\n<li>Mango Mela Pera<\/li>\n<li>Mango fresco<\/li>\n<li>Mela verde<\/li>\n<li>Sangue di tigre<\/li>\n<li>Ghiaccio al mirtillo<\/li>\n<li>Menta<\/li>\n<li>Miscela di frutti di bosco<\/li>\n<li>Ghiaccio d'uva<\/li>\n<li>Ghiaccio all'anguria<\/li>\n<li>Menta e mirtillo<\/li>\n<\/ul>\n<h3>ELFWORLD Ai22000 Specifiche<\/h3>\n<table>\n<thead>\n<tr>\n<th>Caratteristica<\/th>\n<th>Specifiche<\/th>\n<\/tr>\n<\/thead>\n<tbody>\n<tr>\n<td>Forza della nicotina<\/td>\n<td>0%, 2% (predefinito), 3%, 5% Sale di nicotina<\/td>\n<\/tr>\n<tr>\n<td>Capacit\u00e0 del liquido elettronico<\/td>\n<td>26mL<\/td>\n<\/tr>\n<tr>\n<td>Tipo di bobina<\/td>\n<td>Nuova versione della bobina a doppia maglia<\/td>\n<\/tr>\n<tr>\n<td>Conteggio dei soffi<\/td>\n<td>Fino a 22000 soffi<\/td>\n<\/tr>\n<tr>\n<td>Gusti disponibili<\/td>\n<td>Mango, Mela, Mango fresco, Mela verde, Sangue di tigre, Ghiaccio al mirtillo, Menta, Mix di frutti di bosco, Ghiaccio all'uva, Ghiaccio al cocomero, Menta al mirtillo<\/td>\n<\/tr>\n<tr>\n<td>Confezione per kit<\/td>\n<td>5 pezzi in una scatola da esposizione<\/td>\n<\/tr>\n<tr>\n<td>Imballaggio per cartone<\/td>\n<td>150 pezzi in un cartone<\/td>\n<\/tr>\n<tr>\n<td>Dimensioni del cartone<\/td>\n<td>490 mm x 270 mm x 103 mm<\/td>\n<\/tr>\n<tr>\n<td>Peso del cartone<\/td>\n<td>19KG<\/td>\n<\/tr>\n<\/tbody>\n<\/table>\n<h4><strong>Caratteristiche principali:<\/strong><\/h4>\n<ul>\n<li><strong>Punti di forza della nicotina:<\/strong> Disponibile nelle concentrazioni di sali di nicotina 0%, 2%, 3% e 5%, adatto sia ai nuovi vapers che a quelli esperti.<\/li>\n<li><strong>Capacit\u00e0 del liquido elettronico:<\/strong> Ogni capsula viene fornita con 26 ml di e-liquid di alta qualit\u00e0, progettato per sessioni di svapo prolungate.<\/li>\n<li><strong>Tipo di bobina:<\/strong> Dispone di una nuova versione di bobina a doppia maglia che migliora l'aroma e la produzione di vapore per un'esperienza migliore.<\/li>\n<li><strong>Conteggio dei soffi:<\/strong> Offre fino a 22.000 boccate, rendendola una scelta di lunga durata per i vapers pi\u00f9 accaniti.<\/li>\n<li><strong>Imballaggio:<\/strong> Comodamente confezionati con 5 pezzi per scatola espositiva e 150 pezzi per cartone, ottimizzati per la vendita al dettaglio e all'ingrosso.<\/li>\n<\/ul>\n<h4><strong>Perch\u00e9 scegliere ELFWORLD Ai22000?<\/strong><\/h4>\n<p>L'ELFWORLD Ai22000 \u00e8 perfetto per chi apprezza i sapori intensi e le prestazioni robuste. Provate un'ampia variet\u00e0 di sapori e godetevi una svapata che dura pi\u00f9 a lungo con ogni pod.<\/p>","protected":false},"excerpt":{"rendered":"<p>Il Vape Wholesale monouso ELFWORLD Ai22000 \u00e8 dotato di tecnologia dual mesh coil, 22000 puff e prestazioni costanti per un vaping di alta qualit\u00e0.<\/p>","protected":false},"featured_media":8848,"comment_status":"open","ping_status":"closed","template":"","meta":[],"product_brand":[],"product_cat":[22,480],"product_tag":[467],"class_list":{"0":"post-8634","1":"product","2":"type-product","3":"status-publish","4":"has-post-thumbnail","6":"product_cat-disposable-vape-sticks","7":"product_cat-elfworld","8":"product_tag-elfworld","10":"first","11":"instock","12":"sale","13":"shipping-taxable","14":"purchasable","15":"product-type-simple"},"jetpack_sharing_enabled":true,"tiered_pricing_type":"fixed","tiered_pricing_fixed_rules":{"2000":10.800000000000000710542735760100185871124267578125,"10000":10.5},"tiered_pricing_product_settings":{"layout":"default","base_unit_name":{"singular":null,"plural":null},"default_variation":null},"tiered_pricing_minimum_quantity":30,"tiered_pricing_roles_data":[],"tiered_pricing_percentage_rules":[],"tiered_pricing_maximum_quantity":null,"tiered_pricing_quantity_step":null,"_links":{"self":[{"href":"https:\/\/cloudsupplyvapes.com\/it\/wp-json\/wp\/v2\/product\/8634","targetHints":{"allow":["GET"]}}],"collection":[{"href":"https:\/\/cloudsupplyvapes.com\/it\/wp-json\/wp\/v2\/product"}],"about":[{"href":"https:\/\/cloudsupplyvapes.com\/it\/wp-json\/wp\/v2\/types\/product"}],"replies":[{"embeddable":true,"href":"https:\/\/cloudsupplyvapes.com\/it\/wp-json\/wp\/v2\/comments?post=8634"}],"wp:featuredmedia":[{"embeddable":true,"href":"https:\/\/cloudsupplyvapes.com\/it\/wp-json\/wp\/v2\/media\/8848"}],"wp:attachment":[{"href":"https:\/\/cloudsupplyvapes.com\/it\/wp-json\/wp\/v2\/media?parent=8634"}],"wp:term":[{"taxonomy":"product_brand","embeddable":true,"href":"https:\/\/cloudsupplyvapes.com\/it\/wp-json\/wp\/v2\/product_brand?post=8634"},{"taxonomy":"product_cat","embeddable":true,"href":"https:\/\/cloudsupplyvapes.com\/it\/wp-json\/wp\/v2\/product_cat?post=8634"},{"taxonomy":"product_tag","embeddable":true,"href":"https:\/\/cloudsupplyvapes.com\/it\/wp-json\/wp\/v2\/product_tag?post=8634"}],"curies":[{"name":"wp","href":"https:\/\/api.w.org\/{rel}","templated":true}]}}