{"id":8638,"date":"2024-10-19T03:01:12","date_gmt":"2024-10-19T03:01:12","guid":{"rendered":"https:\/\/cloudsupplyvapes.com\/?post_type=product&#038;p=8638"},"modified":"2024-11-25T03:53:24","modified_gmt":"2024-11-25T03:53:24","slug":"-255","status":"publish","type":"product","link":"https:\/\/cloudsupplyvapes.com\/it\/product\/elfworld-xtia-13000-disposable-pod-wholesale-high-capacity-quick-charge-diverse-flavors\/","title":{"rendered":"ELFWORLD Xtia 13000 Pod monouso all'ingrosso ad alta capacit\u00e0 con design a ricarica rapida"},"content":{"rendered":"<h3>Specifiche ELFWORLD Xtia13000<\/h3>\n<table>\n<thead>\n<tr>\n<th>Caratteristica<\/th>\n<th>Specifiche<\/th>\n<\/tr>\n<\/thead>\n<tbody>\n<tr>\n<td>Forza della nicotina<\/td>\n<td>0%, 2%, 3%, 5% Sale di nicotina<\/td>\n<\/tr>\n<tr>\n<td>Capacit\u00e0 del liquido elettronico<\/td>\n<td>20mL<\/td>\n<\/tr>\n<tr>\n<td>Tipo di bobina<\/td>\n<td>Bobina a rete<\/td>\n<\/tr>\n<tr>\n<td>Batteria<\/td>\n<td>Batteria ricaricabile integrata da 500 mAh, 30 minuti di carica completa<\/td>\n<\/tr>\n<tr>\n<td>Ricarica<\/td>\n<td>USB tipo-C<\/td>\n<\/tr>\n<tr>\n<td>Display<\/td>\n<td>Display del livello della batteria e dell'e-liquid<\/td>\n<\/tr>\n<tr>\n<td>Gusti disponibili<\/td>\n<td>Anguria, kiwi e fragola, Blue Razz Ice, ananas e cocco, uva e ribes, limonata rosa, gomma da masticare, succo di frutta alla pesca, fragola, mango e ananas, frutti di bosco, menta fresca.<\/td>\n<\/tr>\n<tr>\n<td>Confezione per kit<\/td>\n<td>10 pezzi in una scatola da esposizione<\/td>\n<\/tr>\n<tr>\n<td>Imballaggio per cartone<\/td>\n<td>200 pezzi in un cartone<\/td>\n<\/tr>\n<tr>\n<td>Dimensioni del cartone<\/td>\n<td>58 cm x 35 cm x 35 cm<\/td>\n<\/tr>\n<tr>\n<td>Peso del cartone<\/td>\n<td>18KG<\/td>\n<\/tr>\n<\/tbody>\n<\/table>\n<h4><strong>Gusti disponibili:<\/strong><\/h4>\n<ul>\n<li>Anguria<\/li>\n<li>Kiwi e fragola<\/li>\n<li>Ghiaccio Blu Razz<\/li>\n<li>Ananas e cocco<\/li>\n<li>Uva Ribes<\/li>\n<li>Limonata rosa<\/li>\n<li>Gomma da masticare Lush<\/li>\n<li>Succo di frutta alla pesca<\/li>\n<li>Fragola<\/li>\n<li>Mango Ananas Pesca<\/li>\n<li>Bacche miste<\/li>\n<li>Menta fresca<\/li>\n<\/ul>\n<h4><strong>Caratteristiche principali:<\/strong><\/h4>\n<ul>\n<li><strong>Punti di forza della nicotina:<\/strong> Disponibile nelle concentrazioni di sale di nicotina 0%, 2%, 3% e 5%, per soddisfare le diverse preferenze di vaping.<\/li>\n<li><strong>Capacit\u00e0 del liquido elettronico:<\/strong> Ogni dispositivo viene fornito con 20 ml di e-liquid di alta qualit\u00e0 per un divertimento prolungato.<\/li>\n<li><strong>Tipo di bobina:<\/strong> Dispone di una bobina a rete per una maggiore produzione di aroma e vapore.<\/li>\n<li><strong>Display:<\/strong> L'innovativo display del livello della batteria e dell'e-liquid consente di conoscere sempre lo stato di utilizzo.<\/li>\n<li><strong>Batteria:<\/strong> Dotato di una batteria da 500 mAh che pu\u00f2 essere ricaricata completamente in soli 30 minuti tramite USB Type-C.<\/li>\n<li><strong>Imballaggio:<\/strong> Ogni kit comprende 10 pezzi in una scatola espositiva, con 200 pezzi per cartone. Ideale sia per i piccoli rivenditori che per i grandi distributori.<\/li>\n<\/ul>\n<h4><strong>Perch\u00e9 scegliere ELFWORLD Xtia13000?<\/strong><\/h4>\n<p>ELFWORLD Xtia13000 \u00e8 perfetto per i vapers che cercano un dispositivo ad alta capacit\u00e0 e lunga durata con capacit\u00e0 di ricarica rapida e un'ampia gamma di aromi. Il suo design efficiente e le sue caratteristiche innovative garantiscono un'esperienza di svapo soddisfacente e conveniente.<\/p>","protected":false},"excerpt":{"rendered":"<p>La Pod monouso ELFWORLD Xtia 13000 offre prestazioni ad alta capacit\u00e0, tecnologia di ricarica rapida e un design monouso ecologico per un vaping affidabile.<\/p>","protected":false},"featured_media":8851,"comment_status":"open","ping_status":"closed","template":"","meta":[],"product_brand":[],"product_cat":[22,480],"product_tag":[467],"class_list":{"0":"post-8638","1":"product","2":"type-product","3":"status-publish","4":"has-post-thumbnail","6":"product_cat-disposable-vape-sticks","7":"product_cat-elfworld","8":"product_tag-elfworld","10":"first","11":"instock","12":"sale","13":"shipping-taxable","14":"purchasable","15":"product-type-simple"},"jetpack_sharing_enabled":true,"tiered_pricing_type":"fixed","tiered_pricing_fixed_rules":{"2000":9.199999999999999289457264239899814128875732421875,"10000":9},"tiered_pricing_product_settings":{"layout":"default","base_unit_name":{"singular":null,"plural":null},"default_variation":null},"tiered_pricing_minimum_quantity":30,"tiered_pricing_roles_data":[],"tiered_pricing_percentage_rules":[],"tiered_pricing_maximum_quantity":null,"tiered_pricing_quantity_step":null,"_links":{"self":[{"href":"https:\/\/cloudsupplyvapes.com\/it\/wp-json\/wp\/v2\/product\/8638","targetHints":{"allow":["GET"]}}],"collection":[{"href":"https:\/\/cloudsupplyvapes.com\/it\/wp-json\/wp\/v2\/product"}],"about":[{"href":"https:\/\/cloudsupplyvapes.com\/it\/wp-json\/wp\/v2\/types\/product"}],"replies":[{"embeddable":true,"href":"https:\/\/cloudsupplyvapes.com\/it\/wp-json\/wp\/v2\/comments?post=8638"}],"wp:featuredmedia":[{"embeddable":true,"href":"https:\/\/cloudsupplyvapes.com\/it\/wp-json\/wp\/v2\/media\/8851"}],"wp:attachment":[{"href":"https:\/\/cloudsupplyvapes.com\/it\/wp-json\/wp\/v2\/media?parent=8638"}],"wp:term":[{"taxonomy":"product_brand","embeddable":true,"href":"https:\/\/cloudsupplyvapes.com\/it\/wp-json\/wp\/v2\/product_brand?post=8638"},{"taxonomy":"product_cat","embeddable":true,"href":"https:\/\/cloudsupplyvapes.com\/it\/wp-json\/wp\/v2\/product_cat?post=8638"},{"taxonomy":"product_tag","embeddable":true,"href":"https:\/\/cloudsupplyvapes.com\/it\/wp-json\/wp\/v2\/product_tag?post=8638"}],"curies":[{"name":"wp","href":"https:\/\/api.w.org\/{rel}","templated":true}]}}