{"id":8700,"date":"2024-10-19T03:01:38","date_gmt":"2024-10-19T03:01:38","guid":{"rendered":"https:\/\/cloudsupplyvapes.com\/?post_type=product&#038;p=8700"},"modified":"2024-11-25T03:51:00","modified_gmt":"2024-11-25T03:51:00","slug":"-260","status":"publish","type":"product","link":"https:\/\/cloudsupplyvapes.com\/it\/product\/elfworld-mc-8500-disposable-wholesale-high-capacity-rechargeable-multi-flavor-options-great-prices\/","title":{"rendered":"ELFWORLD MC 8500 Vape monouso all'ingrosso Design ricaricabile ad alta capacit\u00e0 Prestazioni superiori"},"content":{"rendered":"<h3>Specifiche ELFWORLD MC 8500<\/h3>\n<table>\n<thead>\n<tr>\n<th>Caratteristica<\/th>\n<th>Specifiche<\/th>\n<\/tr>\n<\/thead>\n<tbody>\n<tr>\n<td>Forza della nicotina<\/td>\n<td>0%, 2%, 3%, 5% Sale di nicotina<\/td>\n<\/tr>\n<tr>\n<td>Capacit\u00e0 del liquido elettronico<\/td>\n<td>16mL<\/td>\n<\/tr>\n<tr>\n<td>Tipo di bobina<\/td>\n<td>Bobina a rete<\/td>\n<\/tr>\n<tr>\n<td>Batteria<\/td>\n<td>Batteria ricaricabile integrata da 600 mAh<\/td>\n<\/tr>\n<tr>\n<td>Ricarica<\/td>\n<td>USB tipo-C<\/td>\n<\/tr>\n<tr>\n<td>Gusti disponibili<\/td>\n<td>Gustoso, alla menta, all'uva, alla fragola e all'anguria, ai frutti di bosco, al blu, al lush, alla pesca.<\/td>\n<\/tr>\n<tr>\n<td>Confezione per kit<\/td>\n<td>10 pezzi in una scatola da esposizione<\/td>\n<\/tr>\n<tr>\n<td>Imballaggio per cartone<\/td>\n<td>200 pezzi in un cartone<\/td>\n<\/tr>\n<\/tbody>\n<\/table>\n<h4><strong>Gusti disponibili:<\/strong><\/h4>\n<ul>\n<li>Gustoso<\/li>\n<li>Minty<\/li>\n<li>Ghiaccio d'uva<\/li>\n<li>Anguria alla fragola<\/li>\n<li>Triplo ghiaccio ai frutti di bosco<\/li>\n<li>Ghiaccio Blu Razz<\/li>\n<li>Ghiaccio lussureggiante<\/li>\n<li>Ghiaccio alla pesca succosa<\/li>\n<\/ul>\n<h4><strong>Caratteristiche principali:<\/strong><\/h4>\n<ul>\n<li><strong>Punti di forza della nicotina:<\/strong> Disponibile nelle concentrazioni di sale di nicotina 0%, 2%, 3% e 5%, per soddisfare una variet\u00e0 di preferenze.<\/li>\n<li><strong>Capacit\u00e0 del liquido elettronico:<\/strong> Ogni dispositivo viene fornito con 16 ml di e-liquid di alta qualit\u00e0, per un'esperienza di svapo duratura e saporita.<\/li>\n<li><strong>Tipo di bobina:<\/strong> Dispone di una bobina a rete che esalta il sapore e garantisce una svapata costante.<\/li>\n<li><strong>Batteria:<\/strong> Include una batteria ricaricabile integrata da 600 mAh, che fornisce un'ampia potenza per un uso prolungato. Ricarica comoda e veloce grazie alla porta USB Type-C.<\/li>\n<li><strong>Imballaggio:<\/strong> Confezionato in modo efficiente con 10 pezzi per scatola espositiva e 200 pezzi per cartone, facilita la distribuzione.<\/li>\n<\/ul>\n<h4><strong>Perch\u00e9 scegliere ELFWORLD MC 8500?<\/strong><\/h4>\n<p>La ELFWORLD MC 8500 \u00e8 perfetta per i vapers che cercano un'esperienza aromatica robusta con una grande capacit\u00e0 di e-liquid e una batteria affidabile. Ideale per chi apprezza i sapori intensi e duraturi e la praticit\u00e0 d'uso.<\/p>","protected":false},"excerpt":{"rendered":"<p>Il Vape Wholesale monouso ELFWORLD MC 8500 offre un design ricaricabile ad alta capacit\u00e0 con una produzione di vapore omogenea e una struttura compatta, perfetta per un vaping portatile di lunga durata.<\/p>","protected":false},"featured_media":8856,"comment_status":"open","ping_status":"closed","template":"","meta":[],"product_brand":[],"product_cat":[22,480],"product_tag":[467],"class_list":{"0":"post-8700","1":"product","2":"type-product","3":"status-publish","4":"has-post-thumbnail","6":"product_cat-disposable-vape-sticks","7":"product_cat-elfworld","8":"product_tag-elfworld","10":"first","11":"instock","12":"sale","13":"shipping-taxable","14":"purchasable","15":"product-type-simple"},"jetpack_sharing_enabled":true,"tiered_pricing_type":"fixed","tiered_pricing_fixed_rules":{"2000":9.300000000000000710542735760100185871124267578125,"10000":8.9000000000000003552713678800500929355621337890625},"tiered_pricing_product_settings":{"layout":"default","base_unit_name":{"singular":null,"plural":null},"default_variation":null},"tiered_pricing_minimum_quantity":30,"tiered_pricing_roles_data":[],"tiered_pricing_percentage_rules":[],"tiered_pricing_maximum_quantity":null,"tiered_pricing_quantity_step":"10","_links":{"self":[{"href":"https:\/\/cloudsupplyvapes.com\/it\/wp-json\/wp\/v2\/product\/8700","targetHints":{"allow":["GET"]}}],"collection":[{"href":"https:\/\/cloudsupplyvapes.com\/it\/wp-json\/wp\/v2\/product"}],"about":[{"href":"https:\/\/cloudsupplyvapes.com\/it\/wp-json\/wp\/v2\/types\/product"}],"replies":[{"embeddable":true,"href":"https:\/\/cloudsupplyvapes.com\/it\/wp-json\/wp\/v2\/comments?post=8700"}],"wp:featuredmedia":[{"embeddable":true,"href":"https:\/\/cloudsupplyvapes.com\/it\/wp-json\/wp\/v2\/media\/8856"}],"wp:attachment":[{"href":"https:\/\/cloudsupplyvapes.com\/it\/wp-json\/wp\/v2\/media?parent=8700"}],"wp:term":[{"taxonomy":"product_brand","embeddable":true,"href":"https:\/\/cloudsupplyvapes.com\/it\/wp-json\/wp\/v2\/product_brand?post=8700"},{"taxonomy":"product_cat","embeddable":true,"href":"https:\/\/cloudsupplyvapes.com\/it\/wp-json\/wp\/v2\/product_cat?post=8700"},{"taxonomy":"product_tag","embeddable":true,"href":"https:\/\/cloudsupplyvapes.com\/it\/wp-json\/wp\/v2\/product_tag?post=8700"}],"curies":[{"name":"wp","href":"https:\/\/api.w.org\/{rel}","templated":true}]}}