{"id":8791,"date":"2024-10-19T03:02:24","date_gmt":"2024-10-19T03:02:24","guid":{"rendered":"https:\/\/cloudsupplyvapes.com\/?post_type=product&#038;p=8791"},"modified":"2024-11-19T06:56:36","modified_gmt":"2024-11-19T06:56:36","slug":"-262","status":"publish","type":"product","link":"https:\/\/cloudsupplyvapes.com\/it\/product\/vapme-shisha-15000-disposable-wholesale-long-lasting-extensive-flavor-options-authentic-experience-excellent-value\/","title":{"rendered":"VAPME Shisha 15000 Vape usa e getta all'ingrosso - 15.000 boccate, design stile shisha, capacit\u00e0 di 14 ml, ricaricabile per vendite all'ingrosso"},"content":{"rendered":"<h3>VAPME SHISHA 15000 Vape usa e getta Specifiche tecniche<\/h3>\n<table>\n<thead>\n<tr>\n<th><strong>Caratteristica<\/strong><\/th>\n<th><strong>Specifiche<\/strong><\/th>\n<\/tr>\n<\/thead>\n<tbody>\n<tr>\n<td>Forza della nicotina<\/td>\n<td>Vero 0%, 2% (effettivo 0,6%)<\/td>\n<\/tr>\n<tr>\n<td>Capacit\u00e0 del liquido elettronico<\/td>\n<td>25mL<\/td>\n<\/tr>\n<tr>\n<td>Tipo di bobina<\/td>\n<td>Bobina a rete da 0,6 ohm<\/td>\n<\/tr>\n<tr>\n<td>Batteria<\/td>\n<td>Batteria integrata da 650 mAh<\/td>\n<\/tr>\n<tr>\n<td>Ricarica<\/td>\n<td>Non specificato<\/td>\n<\/tr>\n<tr>\n<td>Gusti disponibili<\/td>\n<td>24 variet\u00e0 uniche<\/td>\n<\/tr>\n<tr>\n<td>Confezione per kit<\/td>\n<td>200 pezzi in una vetrina<\/td>\n<\/tr>\n<tr>\n<td>Imballaggio per cartone<\/td>\n<td>200 pezzi in un cartone<\/td>\n<\/tr>\n<tr>\n<td>Peso della cassa<\/td>\n<td>20,3 kg<\/td>\n<\/tr>\n<tr>\n<td>Dimensioni della cassa<\/td>\n<td>39,5 cm x 39 cm x 30,5 cm<\/td>\n<\/tr>\n<\/tbody>\n<\/table>\n<h2>Gusti disponibili:<\/h2>\n<ol>\n<li>Mirtillo su ghiaccio<\/li>\n<li>Kiwi Frutto della passione Guava<\/li>\n<li>Limonata blu Razz<\/li>\n<li>Fragola Kiwi<\/li>\n<li>Bacche miste<\/li>\n<li>Anguria alla fragola<\/li>\n<li>Ghiaccio d'uva<\/li>\n<li>Ghiaccio all'anguria<\/li>\n<li>Pesca Mango Ananas<\/li>\n<li>Ghiaccio alla fragola<\/li>\n<li>Ghiaccio alla pesca<\/li>\n<li>Mango e banana<\/li>\n<li>Bacca di ciliegia<\/li>\n<li>Mirtillo Lampone<\/li>\n<li>Amore 66<\/li>\n<li>Toro all'anguria<\/li>\n<li>Uva fragola<\/li>\n<li>Caramelle alla fragola e al lampone<\/li>\n<li>Mamba<\/li>\n<li>Anguria Ciliegia<\/li>\n<li>Mela congelata<\/li>\n<li>Menta e limone<\/li>\n<li>Ghiaccio al ribes nero<\/li>\n<li>Frullato di ananas<\/li>\n<\/ol>\n<h3>Caratteristiche principali:<\/h3>\n<ul>\n<li><strong>Punti di forza della nicotina:<\/strong> Presenta un'esclusiva formulazione di nicotina con un'opzione da 0% e un'opzione da 2% che contiene effettivamente 0,6% di nicotina, per soddisfare le diverse esigenze degli utenti.<\/li>\n<li><strong>Capacit\u00e0 del liquido elettronico:<\/strong> Ogni vaporizzatore \u00e8 pre-riempito con 25 ml di e-liquid, garantendo un'esperienza di vaping prolungata e ricca di oltre 15.000 boccate.<\/li>\n<li><strong>Tipo di bobina:<\/strong> Utilizza una bobina a maglie da 0,6 ohm per fornire un'eccellente precisione di aroma e produzione di nuvole.<\/li>\n<li><strong>Batteria:<\/strong> Include una batteria da 650 mAh, compatta ma efficiente per gestire il grande volume di liquido e l'elevato numero di soffi.<\/li>\n<li><strong>Imballaggio:<\/strong> Confezionati in casse da 200 unit\u00e0, ottimizzati per la distribuzione al dettaglio e all'ingrosso.<\/li>\n<\/ul>\n<h3>Perch\u00e9 scegliere VAPME SHISHA 15000?<\/h3>\n<p>VAPME SHISHA 15000 \u00e8 perfetta per chi desidera una svapata duratura e saporita, con una notevole capacit\u00e0 di e-liquid e un'ampia gamma di aromi unici. \u00c8 stata progettata per imitare l'esperienza di fumare la shisha con le sue scelte di sapori diversi ed esotici, il che la rende un'ottima scelta per gli appassionati che cercano qualcosa di diverso nel mercato dello svapo usa e getta.<\/p>","protected":false},"excerpt":{"rendered":"<p>VAPME Shisha 15000 offre un'esperienza ricca e autentica con un'erogazione ottimizzata del sapore. La sua struttura elegante e la funzione di ricarica la rendono perfetta per i clienti premium all'ingrosso.<\/p>","protected":false},"featured_media":8874,"comment_status":"open","ping_status":"closed","template":"","meta":[],"product_brand":[],"product_cat":[22],"product_tag":[470],"class_list":{"0":"post-8791","1":"product","2":"type-product","3":"status-publish","4":"has-post-thumbnail","6":"product_cat-disposable-vape-sticks","7":"product_tag-vapme","9":"first","10":"instock","11":"sale","12":"shipping-taxable","13":"purchasable","14":"product-type-simple"},"jetpack_sharing_enabled":true,"tiered_pricing_type":"fixed","tiered_pricing_fixed_rules":{"100":9.5999999999999996447286321199499070644378662109375,"500":9.4000000000000003552713678800500929355621337890625},"tiered_pricing_product_settings":{"layout":"default","base_unit_name":{"singular":null,"plural":null},"default_variation":null},"tiered_pricing_minimum_quantity":30,"tiered_pricing_roles_data":[],"tiered_pricing_percentage_rules":[],"tiered_pricing_maximum_quantity":null,"tiered_pricing_quantity_step":null,"_links":{"self":[{"href":"https:\/\/cloudsupplyvapes.com\/it\/wp-json\/wp\/v2\/product\/8791","targetHints":{"allow":["GET"]}}],"collection":[{"href":"https:\/\/cloudsupplyvapes.com\/it\/wp-json\/wp\/v2\/product"}],"about":[{"href":"https:\/\/cloudsupplyvapes.com\/it\/wp-json\/wp\/v2\/types\/product"}],"replies":[{"embeddable":true,"href":"https:\/\/cloudsupplyvapes.com\/it\/wp-json\/wp\/v2\/comments?post=8791"}],"wp:featuredmedia":[{"embeddable":true,"href":"https:\/\/cloudsupplyvapes.com\/it\/wp-json\/wp\/v2\/media\/8874"}],"wp:attachment":[{"href":"https:\/\/cloudsupplyvapes.com\/it\/wp-json\/wp\/v2\/media?parent=8791"}],"wp:term":[{"taxonomy":"product_brand","embeddable":true,"href":"https:\/\/cloudsupplyvapes.com\/it\/wp-json\/wp\/v2\/product_brand?post=8791"},{"taxonomy":"product_cat","embeddable":true,"href":"https:\/\/cloudsupplyvapes.com\/it\/wp-json\/wp\/v2\/product_cat?post=8791"},{"taxonomy":"product_tag","embeddable":true,"href":"https:\/\/cloudsupplyvapes.com\/it\/wp-json\/wp\/v2\/product_tag?post=8791"}],"curies":[{"name":"wp","href":"https:\/\/api.w.org\/{rel}","templated":true}]}}