{"id":8826,"date":"2024-10-19T03:02:45","date_gmt":"2024-10-19T03:02:45","guid":{"rendered":"https:\/\/cloudsupplyvapes.com\/?post_type=product&#038;p=8826"},"modified":"2024-11-19T06:56:15","modified_gmt":"2024-11-19T06:56:15","slug":"-264","status":"publish","type":"product","link":"https:\/\/cloudsupplyvapes.com\/it\/product\/vapme-monster-15000-disposable-wholesale-high-volume-long-battery-life-rich-flavor-selection-ultimate-vaping-experience\/","title":{"rendered":"VAPME Monster 15000 Vape usa e getta all'ingrosso - 15.000 boccate, ricaricabile, struttura resistente, E-Liquid premium all'ingrosso"},"content":{"rendered":"<h3>Specifiche dello svapo usa e getta VAPME Monster 15000<\/h3>\n<table>\n<thead>\n<tr>\n<th><strong>Caratteristica<\/strong><\/th>\n<th><strong>Specifiche<\/strong><\/th>\n<\/tr>\n<\/thead>\n<tbody>\n<tr>\n<td>Dimensione<\/td>\n<td>134 mm x 29 mm x 29 mm<\/td>\n<\/tr>\n<tr>\n<td>Capacit\u00e0 della batteria<\/td>\n<td>650 mAh<\/td>\n<\/tr>\n<tr>\n<td>Gamma di potenza<\/td>\n<td>7W<\/td>\n<\/tr>\n<tr>\n<td>Tensione di ingresso<\/td>\n<td>3,6 V<\/td>\n<\/tr>\n<tr>\n<td>Capacit\u00e0 del liquido elettronico<\/td>\n<td>26mL<\/td>\n<\/tr>\n<tr>\n<td>Resistenza<\/td>\n<td>1,0 ohm<\/td>\n<\/tr>\n<tr>\n<td>Bign\u00e8<\/td>\n<td>Circa 15.000 boccate<\/td>\n<\/tr>\n<tr>\n<td>Confezione per kit<\/td>\n<td>200 pezzi per confezione<\/td>\n<\/tr>\n<tr>\n<td>Peso della cassa<\/td>\n<td>20 kg<\/td>\n<\/tr>\n<\/tbody>\n<\/table>\n<h2>Gusti disponibili:<\/h2>\n<ol>\n<li>Limonata blu Razz<\/li>\n<li>Ghiaccio alla pesca<\/li>\n<li>Ghiaccio all'anguria<\/li>\n<li>Mirtillo Lampone<\/li>\n<li>Ghiaccio alla ciliegia<\/li>\n<li>Ghiaccio alla fragola<\/li>\n<li>Anguria alla fragola<\/li>\n<li>Bacche miste<\/li>\n<li>Fragola Kiwi<\/li>\n<li>Kiwi Frutto della passione Guava<\/li>\n<li>Red Bull alla fragola<\/li>\n<li>Pesca Mango Ananas<\/li>\n<\/ol>\n<h3>Caratteristiche principali:<\/h3>\n<ul>\n<li><strong>Capacit\u00e0 del liquido elettronico:<\/strong> Ogni dispositivo contiene 26 ml di liquido elettronico, garantendo una sessione di svapo prolungata e intensa.<\/li>\n<li><strong>Batteria:<\/strong> Include una batteria da 650 mAh efficiente nella gestione di grandi volumi di e-liquid e in grado di garantire prestazioni costanti per tutta la durata del dispositivo.<\/li>\n<li><strong>Design compatto:<\/strong> Nonostante la sua impressionante capacit\u00e0 di e-liquido e il numero di boccate, il dispositivo rimane compatto e portatile, entrando comodamente in mano o in tasca.<\/li>\n<li><strong>Variet\u00e0 di sapore:<\/strong> Una vasta gamma di 12 gusti unici e invitanti, dalle classiche miscele fruttate alle combinazioni innovative, per soddisfare tutti i gusti.<\/li>\n<li><strong>Costruito per durare nel tempo:<\/strong> Progettato per durare, con una struttura robusta e un sistema di alimentazione affidabile che garantisce che ogni boccata sia buona come la prima.<\/li>\n<\/ul>\n<h3>Perch\u00e9 scegliere VAPME Monster 15000?<\/h3>\n<p>Il VAPME Monster 15000 \u00e8 perfetto per chi cerca uno svapo usa e getta di lunga durata che offra prestazioni elevate e una variet\u00e0 di aromi superiore. La sua notevole capacit\u00e0 di e-liquid e la batteria efficiente lo rendono la scelta ideale per un uso prolungato, offrendo un'esperienza di svapo soddisfacente con un'ampia gamma di opzioni di aromi.<\/p>","protected":false},"excerpt":{"rendered":"<p>VAPME Monster 15000 offre una tecnologia avanzata delle bobine e un serbatoio robusto per un uso prolungato. Progettato per garantire durata e produzione di vapore fluida, \u00e8 un'opzione premium per i distributori all'ingrosso.<\/p>","protected":false},"featured_media":8876,"comment_status":"open","ping_status":"closed","template":"","meta":[],"product_brand":[],"product_cat":[22],"product_tag":[470],"class_list":{"0":"post-8826","1":"product","2":"type-product","3":"status-publish","4":"has-post-thumbnail","6":"product_cat-disposable-vape-sticks","7":"product_tag-vapme","9":"first","10":"instock","11":"sale","12":"shipping-taxable","13":"purchasable","14":"product-type-simple"},"jetpack_sharing_enabled":true,"tiered_pricing_type":"fixed","tiered_pricing_fixed_rules":{"100":9.5999999999999996447286321199499070644378662109375,"500":9.5},"tiered_pricing_product_settings":{"layout":"default","base_unit_name":{"singular":null,"plural":null},"default_variation":null},"tiered_pricing_minimum_quantity":30,"tiered_pricing_roles_data":[],"tiered_pricing_percentage_rules":[],"tiered_pricing_maximum_quantity":null,"tiered_pricing_quantity_step":null,"_links":{"self":[{"href":"https:\/\/cloudsupplyvapes.com\/it\/wp-json\/wp\/v2\/product\/8826","targetHints":{"allow":["GET"]}}],"collection":[{"href":"https:\/\/cloudsupplyvapes.com\/it\/wp-json\/wp\/v2\/product"}],"about":[{"href":"https:\/\/cloudsupplyvapes.com\/it\/wp-json\/wp\/v2\/types\/product"}],"replies":[{"embeddable":true,"href":"https:\/\/cloudsupplyvapes.com\/it\/wp-json\/wp\/v2\/comments?post=8826"}],"wp:featuredmedia":[{"embeddable":true,"href":"https:\/\/cloudsupplyvapes.com\/it\/wp-json\/wp\/v2\/media\/8876"}],"wp:attachment":[{"href":"https:\/\/cloudsupplyvapes.com\/it\/wp-json\/wp\/v2\/media?parent=8826"}],"wp:term":[{"taxonomy":"product_brand","embeddable":true,"href":"https:\/\/cloudsupplyvapes.com\/it\/wp-json\/wp\/v2\/product_brand?post=8826"},{"taxonomy":"product_cat","embeddable":true,"href":"https:\/\/cloudsupplyvapes.com\/it\/wp-json\/wp\/v2\/product_cat?post=8826"},{"taxonomy":"product_tag","embeddable":true,"href":"https:\/\/cloudsupplyvapes.com\/it\/wp-json\/wp\/v2\/product_tag?post=8826"}],"curies":[{"name":"wp","href":"https:\/\/api.w.org\/{rel}","templated":true}]}}