{"id":8828,"date":"2024-10-19T03:02:45","date_gmt":"2024-10-19T03:02:45","guid":{"rendered":"https:\/\/cloudsupplyvapes.com\/?post_type=product&#038;p=8828"},"modified":"2024-11-19T06:55:56","modified_gmt":"2024-11-19T06:55:56","slug":"-266","status":"publish","type":"product","link":"https:\/\/cloudsupplyvapes.com\/it\/product\/alibarbar-ingot-9000-puff-disposable-vape-wholesale-13-flavours-available\/","title":{"rendered":"ALIBARBAR INGOT 9000 Puffs usa e getta - 9.000 Puffs, 13mL E-Liquid, Design elegante e raffinato per ordini in blocco"},"content":{"rendered":"<h2>Gusti disponibili:<\/h2>\n<ol>\n<li>Banana Buzz<\/li>\n<li>Mirtillo nero<\/li>\n<li>Esplosione di mirtilli<\/li>\n<li>Menta fresca<\/li>\n<li>Doppia mela<\/li>\n<li>Fanta<\/li>\n<li>Ghiaccio d'uva<\/li>\n<li>Magia del mango<\/li>\n<li>Pompelmo della passione, mango e lime<\/li>\n<li>Limone rosa<\/li>\n<li>Anguria alla fragola e cocco<\/li>\n<li>Tabacco<\/li>\n<li>Ghiaccio all'anguria<\/li>\n<li>Mystery Box - un gusto a sorpresa<\/li>\n<\/ol>\n<h3>ALIBARBAR INGOT 9000 Vape usa e getta Specifiche tecniche<\/h3>\n<table>\n<thead>\n<tr>\n<th><strong>Caratteristica<\/strong><\/th>\n<th><strong>Specifiche<\/strong><\/th>\n<\/tr>\n<\/thead>\n<tbody>\n<tr>\n<td>Dimensione<\/td>\n<td>103 mm x 40 mm x 26 mm<\/td>\n<\/tr>\n<tr>\n<td>Capacit\u00e0 della batteria<\/td>\n<td>2350 mAh<\/td>\n<\/tr>\n<tr>\n<td>Gamma di potenza<\/td>\n<td>Variabile in base all'utilizzo<\/td>\n<\/tr>\n<tr>\n<td>Tensione di ingresso<\/td>\n<td>3.7V<\/td>\n<\/tr>\n<tr>\n<td>Capacit\u00e0 del liquido elettronico<\/td>\n<td>22mL<\/td>\n<\/tr>\n<tr>\n<td>Resistenza<\/td>\n<td>1,3 ohm<\/td>\n<\/tr>\n<tr>\n<td>Bign\u00e8<\/td>\n<td>Fino a 9.000 soffi<\/td>\n<\/tr>\n<tr>\n<td>Confezione per kit<\/td>\n<td>10 pezzi per scatola centrale, 100 pezzi per cartone<\/td>\n<\/tr>\n<tr>\n<td>Peso netto<\/td>\n<td>90g<\/td>\n<\/tr>\n<\/tbody>\n<\/table>\n<h3>Caratteristiche principali:<\/h3>\n<ul>\n<li><strong>Capacit\u00e0 del liquido elettronico:<\/strong> I generosi 22 ml di e-liquid consentono lunghe sessioni di svapo senza frequenti ricariche.<\/li>\n<li><strong>Batteria:<\/strong> Una potente batteria da 2350 mAh supporta l'elevata capacit\u00e0 dell'e-liquid, garantendo prestazioni e affidabilit\u00e0 costanti.<\/li>\n<li><strong>Design portatile:<\/strong> Nonostante la grande capacit\u00e0, il design rimane elegante e portatile, perfetto per il vaping in movimento.<\/li>\n<li><strong>Ampia scelta di sapori:<\/strong> Scegliete tra 14 gusti diversi, compresa l'opzione \u2018Mystery Box\u2019 per chi ama le sorprese.<\/li>\n<li><strong>Prestazioni ottimali:<\/strong> Progettato per garantire la durata e un'esperienza di svapo fluida, con una bobina da 1,3 ohm che ottimizza l'estrazione del sapore.<\/li>\n<\/ul>\n<h3>Perch\u00e9 scegliere ALIBARBAR INGOT 9000?<\/h3>\n<p>ALIBARBAR INGOT 9000 si distingue per la lunga durata della batteria e l'ampia capacit\u00e0 di e-liquid, che la rendono la scelta migliore per i vapers pi\u00f9 seri. Unisce praticit\u00e0 e piacere, offrendo una vasta gamma di aromi e un design resistente per gestire l'uso quotidiano. Che siate appassionati di aromi o fumatori abituali, l'INGOT 9000 offre prestazioni impressionanti in grado di soddisfare tutte le vostre esigenze di svapo.<\/p>","protected":false},"excerpt":{"rendered":"<p>ALIBARBAR INGOT combina un'impugnatura ergonomica con una produzione di vapore di qualit\u00e0 superiore, garantendo all'utente comfort e soddisfazione. Progettata per una funzionalit\u00e0 senza soluzione di continuit\u00e0, \u00e8 un'ottima aggiunta per gli acquirenti di prodotti sfusi che cercano qualit\u00e0 e stile.<\/p>","protected":false},"featured_media":8878,"comment_status":"open","ping_status":"closed","template":"","meta":[],"product_brand":[],"product_cat":[22],"product_tag":[471],"class_list":{"0":"post-8828","1":"product","2":"type-product","3":"status-publish","4":"has-post-thumbnail","6":"product_cat-disposable-vape-sticks","7":"product_tag-alibarbar","9":"first","10":"instock","11":"sale","12":"featured","13":"shipping-taxable","14":"purchasable","15":"product-type-simple"},"jetpack_sharing_enabled":true,"tiered_pricing_type":"fixed","tiered_pricing_fixed_rules":{"300":13.300000000000000710542735760100185871124267578125,"900":13.0999999999999996447286321199499070644378662109375,"1500":13,"3000":12.800000000000000710542735760100185871124267578125,"6000":12.5,"9000":11.5,"10000":12.300000000000000710542735760100185871124267578125,"30000":12,"60000":11.800000000000000710542735760100185871124267578125},"tiered_pricing_product_settings":{"layout":"default","base_unit_name":{"singular":null,"plural":null},"default_variation":null},"tiered_pricing_minimum_quantity":60,"tiered_pricing_roles_data":[],"tiered_pricing_percentage_rules":[],"tiered_pricing_maximum_quantity":null,"tiered_pricing_quantity_step":null,"_links":{"self":[{"href":"https:\/\/cloudsupplyvapes.com\/it\/wp-json\/wp\/v2\/product\/8828","targetHints":{"allow":["GET"]}}],"collection":[{"href":"https:\/\/cloudsupplyvapes.com\/it\/wp-json\/wp\/v2\/product"}],"about":[{"href":"https:\/\/cloudsupplyvapes.com\/it\/wp-json\/wp\/v2\/types\/product"}],"replies":[{"embeddable":true,"href":"https:\/\/cloudsupplyvapes.com\/it\/wp-json\/wp\/v2\/comments?post=8828"}],"wp:featuredmedia":[{"embeddable":true,"href":"https:\/\/cloudsupplyvapes.com\/it\/wp-json\/wp\/v2\/media\/8878"}],"wp:attachment":[{"href":"https:\/\/cloudsupplyvapes.com\/it\/wp-json\/wp\/v2\/media?parent=8828"}],"wp:term":[{"taxonomy":"product_brand","embeddable":true,"href":"https:\/\/cloudsupplyvapes.com\/it\/wp-json\/wp\/v2\/product_brand?post=8828"},{"taxonomy":"product_cat","embeddable":true,"href":"https:\/\/cloudsupplyvapes.com\/it\/wp-json\/wp\/v2\/product_cat?post=8828"},{"taxonomy":"product_tag","embeddable":true,"href":"https:\/\/cloudsupplyvapes.com\/it\/wp-json\/wp\/v2\/product_tag?post=8828"}],"curies":[{"name":"wp","href":"https:\/\/api.w.org\/{rel}","templated":true}]}}