{"id":8832,"date":"2024-10-19T03:02:46","date_gmt":"2024-10-19T03:02:46","guid":{"rendered":"https:\/\/cloudsupplyvapes.com\/?post_type=product&#038;p=8832"},"modified":"2024-11-19T06:54:04","modified_gmt":"2024-11-19T06:54:04","slug":"-270","status":"publish","type":"product","link":"https:\/\/cloudsupplyvapes.com\/it\/product\/bang-king-12000-12000-puff-disposable-vape-wholesale\/","title":{"rendered":"Bang King 12000 Puffs Vape usa e getta all'ingrosso - 12.000 Puffs, batteria a lunga durata, alta capacit\u00e0 per ordini in blocco"},"content":{"rendered":"<h2>Gusti disponibili:<\/h2>\n<ol>\n<li>Ghiaccio al cocco e ananas<\/li>\n<li>Anguria Bubblegum<\/li>\n<li>Triplo ghiaccio ai frutti di bosco<\/li>\n<li>Ghiaccio alla pesca<\/li>\n<li>Melograno<\/li>\n<li>Ghiaccio Blu Razz<\/li>\n<li>Anguria alla fragola<\/li>\n<li>Melone Menta<\/li>\n<li>Sherbert arcobaleno<\/li>\n<li>Mango alla fragola<\/li>\n<li>Uva reale<\/li>\n<li>Bacio della passione<\/li>\n<li>Doppia mela<\/li>\n<li>Pesca e mango<\/li>\n<li>Fragola Kiwi<\/li>\n<li>Ghiaccio all'anguria<\/li>\n<li>Blu melone<\/li>\n<li>Amore 66<\/li>\n<li>Sesso in spiaggia<\/li>\n<li>Bacca di pesca<\/li>\n<\/ol>\n<h3>Bang King 12000 Vape usa e getta Specifiche<\/h3>\n<table>\n<thead>\n<tr>\n<th><strong>Caratteristica<\/strong><\/th>\n<th><strong>Specifiche<\/strong><\/th>\n<\/tr>\n<\/thead>\n<tbody>\n<tr>\n<td>Capacit\u00e0 della batteria<\/td>\n<td>650 mAh<\/td>\n<\/tr>\n<tr>\n<td>Capacit\u00e0 del liquido elettronico<\/td>\n<td>23ml<\/td>\n<\/tr>\n<tr>\n<td>Forza della nicotina<\/td>\n<td>0%, 2%, 3%, 5% (default)<\/td>\n<\/tr>\n<tr>\n<td>Bign\u00e8<\/td>\n<td>Fino a 12000 soffi<\/td>\n<\/tr>\n<tr>\n<td>Dimensioni della scatola esterna<\/td>\n<td>49,0\u00d748,0x26,0 cm; 20,7 kg\/200 pz.<\/td>\n<\/tr>\n<\/tbody>\n<\/table>\n<h3>Caratteristiche principali:<\/h3>\n<ul>\n<li><strong>Ampia variet\u00e0 di sapori:<\/strong> L'offerta di 20 gusti unici ed entusiasmanti garantisce una scelta per tutti i gusti.<\/li>\n<li><strong>Maggiore durata della batteria:<\/strong> Dotata di una batteria da 650 mAh, questa sigaretta consente un utilizzo prolungato fino a 12000 boccate.<\/li>\n<li><strong>Grande capacit\u00e0 di liquido elettronico:<\/strong> Ogni svapata contiene ben 23 ml di e-liquid, riducendo la necessit\u00e0 di frequenti ricariche.<\/li>\n<li><strong>Diverse opzioni di nicotina:<\/strong> Personalizzato per soddisfare le diverse esigenze degli utenti, dalla concentrazione senza nicotina fino a 3,5%.<\/li>\n<li><strong>Design portatile:<\/strong> Nonostante l'elevata capacit\u00e0, \u00e8 facile da trasportare, perfetto per il vaping in movimento.<\/li>\n<\/ul>\n<h3>Perch\u00e9 scegliere Bang King 12000?<\/h3>\n<p>Bang King 12000 \u00e8 stato progettato per coloro che cercano variet\u00e0 e volume nella loro esperienza di svapo. Con la sua vasta gamma di aromi e le sue specifiche ad alte prestazioni, \u00e8 la scelta ideale sia per i vapers occasionali che per quelli pi\u00f9 esigenti.<\/p>","protected":false},"excerpt":{"rendered":"<p>Bang King 12000 offre un'esperienza di vaping raffinata con un flusso d'aria progettato con precisione e un design compatto. La sua struttura leggera garantisce la convenienza per gli ordini in blocco.<\/p>","protected":false},"featured_media":8882,"comment_status":"open","ping_status":"closed","template":"","meta":[],"product_brand":[],"product_cat":[481,22],"product_tag":[31],"class_list":{"0":"post-8832","1":"product","2":"type-product","3":"status-publish","4":"has-post-thumbnail","6":"product_cat-bang","7":"product_cat-disposable-vape-sticks","8":"product_tag-bang","10":"first","11":"instock","12":"shipping-taxable","13":"purchasable","14":"product-type-simple"},"jetpack_sharing_enabled":true,"tiered_pricing_type":"fixed","tiered_pricing_fixed_rules":[],"tiered_pricing_product_settings":{"layout":"default","base_unit_name":{"singular":null,"plural":null},"default_variation":null},"tiered_pricing_minimum_quantity":10,"tiered_pricing_roles_data":[],"tiered_pricing_percentage_rules":[],"tiered_pricing_maximum_quantity":null,"tiered_pricing_quantity_step":"10","_links":{"self":[{"href":"https:\/\/cloudsupplyvapes.com\/it\/wp-json\/wp\/v2\/product\/8832","targetHints":{"allow":["GET"]}}],"collection":[{"href":"https:\/\/cloudsupplyvapes.com\/it\/wp-json\/wp\/v2\/product"}],"about":[{"href":"https:\/\/cloudsupplyvapes.com\/it\/wp-json\/wp\/v2\/types\/product"}],"replies":[{"embeddable":true,"href":"https:\/\/cloudsupplyvapes.com\/it\/wp-json\/wp\/v2\/comments?post=8832"}],"wp:featuredmedia":[{"embeddable":true,"href":"https:\/\/cloudsupplyvapes.com\/it\/wp-json\/wp\/v2\/media\/8882"}],"wp:attachment":[{"href":"https:\/\/cloudsupplyvapes.com\/it\/wp-json\/wp\/v2\/media?parent=8832"}],"wp:term":[{"taxonomy":"product_brand","embeddable":true,"href":"https:\/\/cloudsupplyvapes.com\/it\/wp-json\/wp\/v2\/product_brand?post=8832"},{"taxonomy":"product_cat","embeddable":true,"href":"https:\/\/cloudsupplyvapes.com\/it\/wp-json\/wp\/v2\/product_cat?post=8832"},{"taxonomy":"product_tag","embeddable":true,"href":"https:\/\/cloudsupplyvapes.com\/it\/wp-json\/wp\/v2\/product_tag?post=8832"}],"curies":[{"name":"wp","href":"https:\/\/api.w.org\/{rel}","templated":true}]}}