{"id":8833,"date":"2024-10-19T03:02:46","date_gmt":"2024-10-19T03:02:46","guid":{"rendered":"https:\/\/cloudsupplyvapes.com\/?post_type=product&#038;p=8833"},"modified":"2024-11-19T06:53:54","modified_gmt":"2024-11-19T06:53:54","slug":"-271","status":"publish","type":"product","link":"https:\/\/cloudsupplyvapes.com\/it\/product\/bang-digital-15000-15000-puff-disposable-vape-wholesale\/","title":{"rendered":"Bang Digital 15000 Puffs usa e getta - Display digitale, 15.000 puff, batteria a lunga durata, cialde di svapo in blocco"},"content":{"rendered":"<h2>Gusti disponibili:<\/h2>\n<ol>\n<li>Gelo blu<\/li>\n<li>Esplosione di bacche<\/li>\n<li>Blu ciliegia limone<\/li>\n<li>Pesca congelata<\/li>\n<li>Uva congelata<\/li>\n<li>Bacca di pesca<\/li>\n<li>Mela acida e lampone<\/li>\n<li>Triplo frutto<\/li>\n<li>Ghiaccio lussureggiante<\/li>\n<li>Anguria alla fragola<\/li>\n<li>Menta fresca<\/li>\n<li>Fragola litchi<\/li>\n<\/ol>\n<h3>Bang Digital 15000 Vape usa e getta Specifiche<\/h3>\n<table>\n<thead>\n<tr>\n<th><strong>Caratteristica<\/strong><\/th>\n<th><strong>Specifiche<\/strong><\/th>\n<\/tr>\n<\/thead>\n<tbody>\n<tr>\n<td>Capacit\u00e0 della batteria<\/td>\n<td>500 mAh<\/td>\n<\/tr>\n<tr>\n<td>Capacit\u00e0 del liquido elettronico<\/td>\n<td>23ml<\/td>\n<\/tr>\n<tr>\n<td>Forza della nicotina<\/td>\n<td>0%, 2%, 3%, 5% (default)<\/td>\n<\/tr>\n<tr>\n<td>Bign\u00e8<\/td>\n<td>Fino a 15000 soffi<\/td>\n<\/tr>\n<tr>\n<td>Caratteristica aggiuntiva<\/td>\n<td>Display digitale<\/td>\n<\/tr>\n<tr>\n<td>Peso della scatola esterna<\/td>\n<td>16,8 kg\/200 pezzi<\/td>\n<\/tr>\n<\/tbody>\n<\/table>\n<h3>Caratteristiche principali:<\/h3>\n<ul>\n<li><strong>Diverse opzioni di gusto:<\/strong> Una selezione di 12 gusti freschi, dal fruttato alla menta, per soddisfare i gusti di ogni vaper.<\/li>\n<li><strong>Batteria ad alta capacit\u00e0:<\/strong> Nonostante le dimensioni compatte, la batteria da 500 mAh supporta fino a 15000 boccate.<\/li>\n<li><strong>Volume sostanziale del liquido elettronico:<\/strong> Ogni dispositivo \u00e8 pre-riempito con 23 ml di e-liquid per sessioni di svapo prolungate.<\/li>\n<li><strong>Livelli di nicotina regolabili:<\/strong> Disponibile in diverse gradazioni di nicotina per soddisfare le preferenze individuali.<\/li>\n<li><strong>Innovativo display digitale:<\/strong> Migliora l'esperienza dell'utente fornendo dati di utilizzo in tempo reale.<\/li>\n<\/ul>\n<h3>Perch\u00e9 scegliere Bang Digital 15000?<\/h3>\n<p>Bang Digital 15000 \u00e8 ideale per i vapers che apprezzano la tecnologia e la convenienza. Il display digitale offre un tocco di modernit\u00e0, consentendo agli utenti di tenere traccia delle proprie abitudini di svapo mentre si godono una variet\u00e0 di sapori ricchi e un'esperienza di svapo di lunga durata.<\/p>","protected":false},"excerpt":{"rendered":"<p>Bang Digital 15000 \u00e8 dotato di un display intuitivo per il monitoraggio in tempo reale e l'ottimizzazione dell'uso della batteria. Il suo design elegante lo rende uno dei preferiti dagli utenti esperti di tecnologia e dai distributori di prodotti sfusi.<\/p>","protected":false},"featured_media":8883,"comment_status":"open","ping_status":"closed","template":"","meta":[],"product_brand":[],"product_cat":[481,22],"product_tag":[31],"class_list":{"0":"post-8833","1":"product","2":"type-product","3":"status-publish","4":"has-post-thumbnail","6":"product_cat-bang","7":"product_cat-disposable-vape-sticks","8":"product_tag-bang","10":"first","11":"instock","12":"shipping-taxable","13":"purchasable","14":"product-type-simple"},"jetpack_sharing_enabled":true,"tiered_pricing_type":"fixed","tiered_pricing_fixed_rules":[],"tiered_pricing_product_settings":{"layout":"default","base_unit_name":{"singular":null,"plural":null},"default_variation":null},"tiered_pricing_minimum_quantity":null,"tiered_pricing_roles_data":[],"tiered_pricing_percentage_rules":[],"tiered_pricing_maximum_quantity":null,"tiered_pricing_quantity_step":null,"_links":{"self":[{"href":"https:\/\/cloudsupplyvapes.com\/it\/wp-json\/wp\/v2\/product\/8833","targetHints":{"allow":["GET"]}}],"collection":[{"href":"https:\/\/cloudsupplyvapes.com\/it\/wp-json\/wp\/v2\/product"}],"about":[{"href":"https:\/\/cloudsupplyvapes.com\/it\/wp-json\/wp\/v2\/types\/product"}],"replies":[{"embeddable":true,"href":"https:\/\/cloudsupplyvapes.com\/it\/wp-json\/wp\/v2\/comments?post=8833"}],"wp:featuredmedia":[{"embeddable":true,"href":"https:\/\/cloudsupplyvapes.com\/it\/wp-json\/wp\/v2\/media\/8883"}],"wp:attachment":[{"href":"https:\/\/cloudsupplyvapes.com\/it\/wp-json\/wp\/v2\/media?parent=8833"}],"wp:term":[{"taxonomy":"product_brand","embeddable":true,"href":"https:\/\/cloudsupplyvapes.com\/it\/wp-json\/wp\/v2\/product_brand?post=8833"},{"taxonomy":"product_cat","embeddable":true,"href":"https:\/\/cloudsupplyvapes.com\/it\/wp-json\/wp\/v2\/product_cat?post=8833"},{"taxonomy":"product_tag","embeddable":true,"href":"https:\/\/cloudsupplyvapes.com\/it\/wp-json\/wp\/v2\/product_tag?post=8833"}],"curies":[{"name":"wp","href":"https:\/\/api.w.org\/{rel}","templated":true}]}}