{"id":8861,"date":"2024-10-19T03:03:08","date_gmt":"2024-10-19T03:03:08","guid":{"rendered":"https:\/\/cloudsupplyvapes.com\/?post_type=product&#038;p=8861"},"modified":"2024-11-19T06:52:34","modified_gmt":"2024-11-19T06:52:34","slug":"-275","status":"publish","type":"product","link":"https:\/\/cloudsupplyvapes.com\/it\/product\/bang-crystal-15000-puff-disposable-vape-wholesale\/","title":{"rendered":"Bang Crystal 15000 Puffs Vape usa e getta all'ingrosso - 15.000 Puffs, design elegante di cristallo, 16mL E-Liquid, acquisto in blocco"},"content":{"rendered":"<h2>Gusti disponibili:<\/h2>\n<ol>\n<li>Anguria alla fragola<\/li>\n<li>Triplo ghiaccio ai frutti di bosco<\/li>\n<li>Ghiaccio lussureggiante<\/li>\n<li>Ghiaccio alla pesca<\/li>\n<li>Fragola Kiwi<\/li>\n<li>Ghiaccio Blu Razz<\/li>\n<li>Aloe Uva<\/li>\n<li>Pesca e mango<\/li>\n<li>Doppia mela<\/li>\n<li>Frutta tropicale<\/li>\n<li>Fragola e banana<\/li>\n<li>Kiwi Frutto della passione Guava<\/li>\n<li>Mela acida e lampone<\/li>\n<li>Anguria Bubblegum<\/li>\n<li>Yogurt alla fragola<\/li>\n<li>Drago Nero di Ghiaccio<\/li>\n<li>Limonata rosa<\/li>\n<li>Ciliegia Pop<\/li>\n<li>Menta fresca<\/li>\n<li>Zucchero filato<\/li>\n<\/ol>\n<h3>Bang Crystal 15000 Vape usa e getta Specifiche<\/h3>\n<table>\n<thead>\n<tr>\n<th><strong>Caratteristica<\/strong><\/th>\n<th><strong>Specifiche<\/strong><\/th>\n<\/tr>\n<\/thead>\n<tbody>\n<tr>\n<td>Capacit\u00e0 della batteria<\/td>\n<td>550 mAh<\/td>\n<\/tr>\n<tr>\n<td>Capacit\u00e0 del liquido elettronico<\/td>\n<td>25ml<\/td>\n<\/tr>\n<tr>\n<td>Forza della nicotina<\/td>\n<td>0%, 2%, 3%, 5% (default)<\/td>\n<\/tr>\n<tr>\n<td>Bign\u00e8<\/td>\n<td>Fino a 15000 soffi<\/td>\n<\/tr>\n<tr>\n<td>Dimensioni della scatola esterna<\/td>\n<td>55\u00d728,5\u00d716 cm; 18,85 kg\/200 pz.<\/td>\n<\/tr>\n<\/tbody>\n<\/table>\n<h3>Caratteristiche principali:<\/h3>\n<ul>\n<li><strong>Portafoglio di sapori diversi:<\/strong> Offre 20 gusti unici che vanno dal fruttato al rinfrescante, pensati per soddisfare le diverse preferenze del vaping.<\/li>\n<li><strong>Piacere del vaping prolungato:<\/strong> Ogni svapata supporta fino a 15000 boccate grazie alla potente batteria da 550 mAh e alla grande riserva di e-liquid.<\/li>\n<li><strong>Volume sostanziale del liquido elettronico:<\/strong> Precaricato con 25 ml di e-liquid per migliorare la durata e l'intensit\u00e0 dell'esperienza di svapo.<\/li>\n<li><strong>Livelli di nicotina diversi:<\/strong> Disponibile in diverse gradazioni di nicotina, da 0% a 3,5%, per soddisfare le diverse esigenze degli utenti.<\/li>\n<li><strong>Compatto e conveniente:<\/strong> Progettato per la facilit\u00e0 d'uso e la portabilit\u00e0, \u00e8 perfetto per il vaping in movimento.<\/li>\n<\/ul>\n<h3>Perch\u00e9 scegliere Bang Crystal 15000?<\/h3>\n<p>Bang Crystal 15000 \u00e8 la scelta ideale per i vapers che esigono qualit\u00e0 e variet\u00e0. Con un'ampia gamma di aromi e una robusta durata della batteria, offre un'esperienza di svapo costante e piacevole che dura nel tempo. Ideale per coloro che apprezzano sia lo stile che la sostanza nelle loro scelte di svapo.<\/p>","protected":false},"excerpt":{"rendered":"<p>Bang Crystal 15000 combina un'estetica accattivante con una funzionalit\u00e0 eccezionale. La sua struttura compatta e il sistema di erogazione del vapore ottimizzato soddisfano gli utenti che cercano un dispositivo elegante ma pratico.<\/p>","protected":false},"featured_media":8887,"comment_status":"open","ping_status":"closed","template":"","meta":[],"product_brand":[],"product_cat":[481,22],"product_tag":[31],"class_list":{"0":"post-8861","1":"product","2":"type-product","3":"status-publish","4":"has-post-thumbnail","6":"product_cat-bang","7":"product_cat-disposable-vape-sticks","8":"product_tag-bang","10":"first","11":"instock","12":"shipping-taxable","13":"purchasable","14":"product-type-simple"},"jetpack_sharing_enabled":true,"tiered_pricing_type":"fixed","tiered_pricing_fixed_rules":[],"tiered_pricing_product_settings":{"layout":"default","base_unit_name":{"singular":null,"plural":null},"default_variation":null},"tiered_pricing_minimum_quantity":50,"tiered_pricing_roles_data":[],"tiered_pricing_percentage_rules":[],"tiered_pricing_maximum_quantity":null,"tiered_pricing_quantity_step":"10","_links":{"self":[{"href":"https:\/\/cloudsupplyvapes.com\/it\/wp-json\/wp\/v2\/product\/8861","targetHints":{"allow":["GET"]}}],"collection":[{"href":"https:\/\/cloudsupplyvapes.com\/it\/wp-json\/wp\/v2\/product"}],"about":[{"href":"https:\/\/cloudsupplyvapes.com\/it\/wp-json\/wp\/v2\/types\/product"}],"replies":[{"embeddable":true,"href":"https:\/\/cloudsupplyvapes.com\/it\/wp-json\/wp\/v2\/comments?post=8861"}],"wp:featuredmedia":[{"embeddable":true,"href":"https:\/\/cloudsupplyvapes.com\/it\/wp-json\/wp\/v2\/media\/8887"}],"wp:attachment":[{"href":"https:\/\/cloudsupplyvapes.com\/it\/wp-json\/wp\/v2\/media?parent=8861"}],"wp:term":[{"taxonomy":"product_brand","embeddable":true,"href":"https:\/\/cloudsupplyvapes.com\/it\/wp-json\/wp\/v2\/product_brand?post=8861"},{"taxonomy":"product_cat","embeddable":true,"href":"https:\/\/cloudsupplyvapes.com\/it\/wp-json\/wp\/v2\/product_cat?post=8861"},{"taxonomy":"product_tag","embeddable":true,"href":"https:\/\/cloudsupplyvapes.com\/it\/wp-json\/wp\/v2\/product_tag?post=8861"}],"curies":[{"name":"wp","href":"https:\/\/api.w.org\/{rel}","templated":true}]}}