{"id":8862,"date":"2024-10-19T03:03:08","date_gmt":"2024-10-19T03:03:08","guid":{"rendered":"https:\/\/cloudsupplyvapes.com\/?post_type=product&#038;p=8862"},"modified":"2024-11-19T06:52:18","modified_gmt":"2024-11-19T06:52:18","slug":"-277","status":"publish","type":"product","link":"https:\/\/cloudsupplyvapes.com\/it\/product\/bang-20000-gear-puff-disposable-vape-wholesale\/","title":{"rendered":"Bang 20000 (Gear) Puffs Vape usa e getta all'ingrosso - Tecnologia Gear, 20.000 Puffs, serbatoio da 18mL, cialde pronte."},"content":{"rendered":"<h2>Gusti disponibili:<\/h2>\n<ol>\n<li>Mango alla fragola<\/li>\n<li>Bevanda energetica<\/li>\n<li>Limonata di mirtilli e ciliegie<\/li>\n<li>Drago Nero di Ghiaccio<\/li>\n<li>Ghiaccio alla pesca<\/li>\n<li>Fragola e banana<\/li>\n<li>Miscela di frutta<\/li>\n<li>Ghiaccio al mirtillo<\/li>\n<li>Ghiaccio all'anguria<\/li>\n<li>Fragola Kiwi<\/li>\n<li>Mirtillo Lampone<\/li>\n<li>Anguria alla fragola<\/li>\n<\/ol>\n<h3>Bang 20000 (Gear) Vape usa e getta Specifiche tecniche<\/h3>\n<table>\n<thead>\n<tr>\n<th><strong>Caratteristica<\/strong><\/th>\n<th><strong>Specifiche<\/strong><\/th>\n<\/tr>\n<\/thead>\n<tbody>\n<tr>\n<td>Capacit\u00e0 della batteria<\/td>\n<td>550 mAh<\/td>\n<\/tr>\n<tr>\n<td>Capacit\u00e0 del liquido elettronico<\/td>\n<td>25ml<\/td>\n<\/tr>\n<tr>\n<td>Forza della nicotina<\/td>\n<td>0%, 2%, 3%, 5% (default)<\/td>\n<\/tr>\n<tr>\n<td>Bign\u00e8<\/td>\n<td>Fino a 20000 soffi<\/td>\n<\/tr>\n<tr>\n<td>Peso della confezione<\/td>\n<td>19 kg\/200 pezzi<\/td>\n<\/tr>\n<\/tbody>\n<\/table>\n<h3>Caratteristiche principali:<\/h3>\n<ul>\n<li><strong>Variet\u00e0 di sapori:<\/strong> Offre una selezione di 12 gusti diversi e deliziosi per soddisfare un'ampia gamma di preferenze di gusto.<\/li>\n<li><strong>Alto numero di soffi:<\/strong> Progettato per un massimo di 20000 boccate, garantisce un'esperienza di vaping di lunga durata.<\/li>\n<li><strong>Volume generoso del liquido elettronico:<\/strong> Pre-riempito con 25 ml di e-liquid per prolungare la durata delle ricariche.<\/li>\n<li><strong>Forza di nicotina personalizzabile:<\/strong> Disponibile in diversi livelli di nicotina, per soddisfare sia i nuovi vapers che quelli pi\u00f9 esperti.<\/li>\n<li><strong>Compatto e facile da usare:<\/strong> Progettato per la praticit\u00e0 e la portabilit\u00e0, perfetto per i vapers in movimento.<\/li>\n<\/ul>\n<h3>Perch\u00e9 scegliere Bang 20000 (Gear)?<\/h3>\n<p>La Bang 20000 (Gear) \u00e8 pensata per i vapers che danno priorit\u00e0 alla capacit\u00e0 e alla variet\u00e0 di aromi. Combina un numero significativo di puff con un ampio spettro di sapori, rendendola una scelta di spicco per chi cerca un'esperienza di svapo potente e appagante.<\/p>","protected":false},"excerpt":{"rendered":"<p>Bang 20000 (Gear) presenta un innovativo controllo del flusso d'aria e un design ergonomico per un'esperienza senza interruzioni. Perfetto per gli utenti in movimento, \u00e8 pensato per gli acquirenti di grandi quantit\u00e0 in cerca di opzioni premium.<\/p>","protected":false},"featured_media":8889,"comment_status":"open","ping_status":"closed","template":"","meta":[],"product_brand":[],"product_cat":[481,22],"product_tag":[31],"class_list":{"0":"post-8862","1":"product","2":"type-product","3":"status-publish","4":"has-post-thumbnail","6":"product_cat-bang","7":"product_cat-disposable-vape-sticks","8":"product_tag-bang","10":"first","11":"instock","12":"shipping-taxable","13":"purchasable","14":"product-type-simple"},"jetpack_sharing_enabled":true,"tiered_pricing_type":"fixed","tiered_pricing_fixed_rules":[],"tiered_pricing_product_settings":{"layout":"default","base_unit_name":{"singular":null,"plural":null},"default_variation":null},"tiered_pricing_minimum_quantity":30,"tiered_pricing_roles_data":[],"tiered_pricing_percentage_rules":[],"tiered_pricing_maximum_quantity":null,"tiered_pricing_quantity_step":"10","_links":{"self":[{"href":"https:\/\/cloudsupplyvapes.com\/it\/wp-json\/wp\/v2\/product\/8862","targetHints":{"allow":["GET"]}}],"collection":[{"href":"https:\/\/cloudsupplyvapes.com\/it\/wp-json\/wp\/v2\/product"}],"about":[{"href":"https:\/\/cloudsupplyvapes.com\/it\/wp-json\/wp\/v2\/types\/product"}],"replies":[{"embeddable":true,"href":"https:\/\/cloudsupplyvapes.com\/it\/wp-json\/wp\/v2\/comments?post=8862"}],"wp:featuredmedia":[{"embeddable":true,"href":"https:\/\/cloudsupplyvapes.com\/it\/wp-json\/wp\/v2\/media\/8889"}],"wp:attachment":[{"href":"https:\/\/cloudsupplyvapes.com\/it\/wp-json\/wp\/v2\/media?parent=8862"}],"wp:term":[{"taxonomy":"product_brand","embeddable":true,"href":"https:\/\/cloudsupplyvapes.com\/it\/wp-json\/wp\/v2\/product_brand?post=8862"},{"taxonomy":"product_cat","embeddable":true,"href":"https:\/\/cloudsupplyvapes.com\/it\/wp-json\/wp\/v2\/product_cat?post=8862"},{"taxonomy":"product_tag","embeddable":true,"href":"https:\/\/cloudsupplyvapes.com\/it\/wp-json\/wp\/v2\/product_tag?post=8862"}],"curies":[{"name":"wp","href":"https:\/\/api.w.org\/{rel}","templated":true}]}}