{"id":8864,"date":"2024-10-19T03:03:09","date_gmt":"2024-10-19T03:03:09","guid":{"rendered":"https:\/\/cloudsupplyvapes.com\/?post_type=product&#038;p=8864"},"modified":"2024-11-19T06:51:58","modified_gmt":"2024-11-19T06:51:58","slug":"-281","status":"publish","type":"product","link":"https:\/\/cloudsupplyvapes.com\/it\/product\/bang-36000-puff-disposable-vape-wholesale\/","title":{"rendered":"Bang 36000 Puffs Vape usa e getta all'ingrosso - Qualit\u00e0 premium, capacit\u00e0 22mL, lunga durata della batteria, cialde disponibili in blocco"},"content":{"rendered":"<h2>Gusti disponibili:<\/h2>\n<ol>\n<li>Fragola Kiwi<\/li>\n<li>Pesca, mango e anguria<\/li>\n<li>Frutta mista<\/li>\n<li>Ghiaccio alla menta<\/li>\n<li>Pesca e mango<\/li>\n<li>Ghiaccio d'uva<\/li>\n<li>Mele doppie<\/li>\n<li>Fragola e lampone<\/li>\n<li>Ghiaccio al mirtillo<\/li>\n<li>Anguria alla fragola<\/li>\n<li>Ghiaccio all'anguria<\/li>\n<li>Mango alla fragola<\/li>\n<\/ol>\n<h3>Bang 36000 Vape usa e getta Specifiche<\/h3>\n<table>\n<thead>\n<tr>\n<th><strong>Caratteristica<\/strong><\/th>\n<th><strong>Specifiche<\/strong><\/th>\n<\/tr>\n<\/thead>\n<tbody>\n<tr>\n<td>Capacit\u00e0 della batteria<\/td>\n<td>Non specificato<\/td>\n<\/tr>\n<tr>\n<td>Capacit\u00e0 del liquido elettronico<\/td>\n<td>Non specificato<\/td>\n<\/tr>\n<tr>\n<td>Forza della nicotina<\/td>\n<td>0%, 2%, 3%, 5% (default)<\/td>\n<\/tr>\n<tr>\n<td>Bign\u00e8<\/td>\n<td>Fino a 36000 soffi<\/td>\n<\/tr>\n<tr>\n<td>Peso della confezione<\/td>\n<td>22 kg\/200 pezzi<\/td>\n<\/tr>\n<\/tbody>\n<\/table>\n<h3>Caratteristiche principali:<\/h3>\n<ul>\n<li><strong>Ampia selezione di sapori:<\/strong> 12 gusti distintivi e accattivanti per soddisfare un'ampia gamma di preferenze di gusto.<\/li>\n<li><strong>Conteggio dei bocconi massiccio:<\/strong> Offre fino a 36000 soffi, ideale per un uso prolungato e per ridurre la frequenza delle sostituzioni.<\/li>\n<li><strong>Altamente portatile:<\/strong> Nonostante l'elevata capacit\u00e0, rimane portatile e facile da usare, adatto per il vaping in movimento.<\/li>\n<li><strong>Ampia variet\u00e0:<\/strong> Dal fruttato alla menta rinfrescante, le opzioni di gusto offrono un'esperienza di vaping completa.<\/li>\n<\/ul>\n<h3>Perch\u00e9 scegliere Bang 36000?<\/h3>\n<p>Bang 36000 si distingue per il suo incredibile numero di puff, che lo rende uno dei vapers usa e getta pi\u00f9 duraturi disponibili sul mercato. \u00c8 stato progettato per i vapers che desiderano un uso prolungato senza sacrificare il sapore o le prestazioni. Ideale per chi non vuole il fastidio di cambiare frequentemente il dispositivo.<\/p>","protected":false},"excerpt":{"rendered":"<p>Bang 36000 offre una produzione di vapore costante grazie al suo sistema di flusso d'aria avanzato e all'uso efficiente di e-liquid. Progettato per sessioni prolungate, \u00e8 la scelta migliore per gli acquirenti di grandi quantit\u00e0 che cercano affidabilit\u00e0.<\/p>","protected":false},"featured_media":8918,"comment_status":"open","ping_status":"closed","template":"","meta":[],"product_brand":[],"product_cat":[481,22],"product_tag":[31],"class_list":{"0":"post-8864","1":"product","2":"type-product","3":"status-publish","4":"has-post-thumbnail","6":"product_cat-bang","7":"product_cat-disposable-vape-sticks","8":"product_tag-bang","10":"first","11":"instock","12":"shipping-taxable","13":"purchasable","14":"product-type-simple"},"jetpack_sharing_enabled":true,"tiered_pricing_type":"fixed","tiered_pricing_fixed_rules":[],"tiered_pricing_product_settings":{"layout":"default","base_unit_name":{"singular":null,"plural":null},"default_variation":null},"tiered_pricing_minimum_quantity":null,"tiered_pricing_roles_data":[],"tiered_pricing_percentage_rules":[],"tiered_pricing_maximum_quantity":null,"tiered_pricing_quantity_step":null,"_links":{"self":[{"href":"https:\/\/cloudsupplyvapes.com\/it\/wp-json\/wp\/v2\/product\/8864","targetHints":{"allow":["GET"]}}],"collection":[{"href":"https:\/\/cloudsupplyvapes.com\/it\/wp-json\/wp\/v2\/product"}],"about":[{"href":"https:\/\/cloudsupplyvapes.com\/it\/wp-json\/wp\/v2\/types\/product"}],"replies":[{"embeddable":true,"href":"https:\/\/cloudsupplyvapes.com\/it\/wp-json\/wp\/v2\/comments?post=8864"}],"wp:featuredmedia":[{"embeddable":true,"href":"https:\/\/cloudsupplyvapes.com\/it\/wp-json\/wp\/v2\/media\/8918"}],"wp:attachment":[{"href":"https:\/\/cloudsupplyvapes.com\/it\/wp-json\/wp\/v2\/media?parent=8864"}],"wp:term":[{"taxonomy":"product_brand","embeddable":true,"href":"https:\/\/cloudsupplyvapes.com\/it\/wp-json\/wp\/v2\/product_brand?post=8864"},{"taxonomy":"product_cat","embeddable":true,"href":"https:\/\/cloudsupplyvapes.com\/it\/wp-json\/wp\/v2\/product_cat?post=8864"},{"taxonomy":"product_tag","embeddable":true,"href":"https:\/\/cloudsupplyvapes.com\/it\/wp-json\/wp\/v2\/product_tag?post=8864"}],"curies":[{"name":"wp","href":"https:\/\/api.w.org\/{rel}","templated":true}]}}