{"id":8866,"date":"2024-10-19T03:03:09","date_gmt":"2024-10-19T03:03:09","guid":{"rendered":"https:\/\/cloudsupplyvapes.com\/?post_type=product&#038;p=8866"},"modified":"2024-11-19T06:50:17","modified_gmt":"2024-11-19T06:50:17","slug":"-284","status":"publish","type":"product","link":"https:\/\/cloudsupplyvapes.com\/it\/product\/bang-30000-puff-disposable-vape-wholesale\/","title":{"rendered":"Bang 30000 Puffs Vape usa e getta all'ingrosso - 20mL E-Liquid, ricaricabile, Pods di lunga durata per l'acquisto in blocco"},"content":{"rendered":"<h2>Gusti disponibili:<\/h2>\n<ol>\n<li>Ghiaccio al mirtillo e ghiaccio al drago nero<\/li>\n<li>Ghiaccio al mirtillo, fragola e banana<\/li>\n<li>Mirtilli, lamponi e frutta mista<\/li>\n<li>Mirtillo Lampone e Pesca Mango Anguria<\/li>\n<li>Red Bull e anguria al mirtillo<\/li>\n<li>Red Bull e caramelle a bolle d'aria all'anguria<\/li>\n<li>Ghiaccio alla fragola, all'anguria e all'uva<\/li>\n<li>Ghiaccio alla fragola, kiwi e pesca<\/li>\n<li>Kiwi alla fragola e lampone alla mela acida<\/li>\n<li>Fragola Anguria e Kiwi Frutto della passione Guava<\/li>\n<li>Ghiaccio all'anguria e menta al mirtillo<\/li>\n<li>Ghiaccio all'anguria, fragola e mango<\/li>\n<\/ol>\n<h3>Bang 30000 Vape usa e getta Specifiche<\/h3>\n<table>\n<thead>\n<tr>\n<th><strong>Caratteristica<\/strong><\/th>\n<th><strong>Specifiche<\/strong><\/th>\n<\/tr>\n<\/thead>\n<tbody>\n<tr>\n<td>Capacit\u00e0 della batteria<\/td>\n<td>550 mAh<\/td>\n<\/tr>\n<tr>\n<td>Capacit\u00e0 del liquido elettronico<\/td>\n<td>36ml<\/td>\n<\/tr>\n<tr>\n<td>Forza della nicotina<\/td>\n<td>0%, 2%, 3%, 5% (default)<\/td>\n<\/tr>\n<tr>\n<td>Bign\u00e8<\/td>\n<td>Fino a 30000 soffi<\/td>\n<\/tr>\n<tr>\n<td>Peso della confezione<\/td>\n<td>21 kg\/180 pezzi<\/td>\n<\/tr>\n<\/tbody>\n<\/table>\n<h3>Caratteristiche principali:<\/h3>\n<ul>\n<li><strong>Combinazioni uniche di doppio sapore:<\/strong> Ogni dispositivo offre una coppia di aromi perfettamente miscelati per un'esperienza di vaping unica.<\/li>\n<li><strong>Grande capacit\u00e0 di liquido elettronico:<\/strong> Pre-riempito con 36 ml di e-liquid per supportare sessioni di svapo prolungate senza frequenti ricariche.<\/li>\n<li><strong>Alto numero di soffi:<\/strong> Progettato per erogare fino a 30000 boccate, ideale per gli utenti che cercano un prodotto di lunga durata.<\/li>\n<li><strong>Livelli di nicotina variabili:<\/strong> Disponibile in diverse gradazioni per soddisfare le esigenze di utenti leggeri e pesanti.<\/li>\n<li><strong>Batteria compatta ed efficiente:<\/strong> La batteria da 550 mAh fornisce un'alimentazione affidabile, assicurando un'uscita costante per tutta la durata della svapata.<\/li>\n<\/ul>\n<h3>Perch\u00e9 scegliere Bang 30000?<\/h3>\n<p>Bang 30000 si distingue per il suo innovativo sistema a doppio aroma e per la sua notevole capacit\u00e0 di boccata, che lo rendono la scelta migliore per i vapers che desiderano diversit\u00e0 e longevit\u00e0 nel loro percorso di vaping. \u00c8 perfetta per chi apprezza i profili aromatici complessi e l'uso prolungato.<\/p>","protected":false},"excerpt":{"rendered":"<p>Bang 30000 combina e-liquid ad alta capacit\u00e0 con un'ottimizzazione avanzata del vapore, garantendo prestazioni affidabili. Una scelta perfetta per gli acquirenti di grandi quantit\u00e0 che cercano qualit\u00e0 e lunga durata.<\/p>","protected":false},"featured_media":8923,"comment_status":"open","ping_status":"closed","template":"","meta":[],"product_brand":[],"product_cat":[481,22],"product_tag":[31],"class_list":{"0":"post-8866","1":"product","2":"type-product","3":"status-publish","4":"has-post-thumbnail","6":"product_cat-bang","7":"product_cat-disposable-vape-sticks","8":"product_tag-bang","10":"first","11":"instock","12":"featured","13":"shipping-taxable","14":"purchasable","15":"product-type-simple"},"jetpack_sharing_enabled":true,"tiered_pricing_type":"fixed","tiered_pricing_fixed_rules":[],"tiered_pricing_product_settings":{"layout":"default","base_unit_name":{"singular":null,"plural":null},"default_variation":null},"tiered_pricing_minimum_quantity":10,"tiered_pricing_roles_data":[],"tiered_pricing_percentage_rules":[],"tiered_pricing_maximum_quantity":null,"tiered_pricing_quantity_step":"10","_links":{"self":[{"href":"https:\/\/cloudsupplyvapes.com\/it\/wp-json\/wp\/v2\/product\/8866","targetHints":{"allow":["GET"]}}],"collection":[{"href":"https:\/\/cloudsupplyvapes.com\/it\/wp-json\/wp\/v2\/product"}],"about":[{"href":"https:\/\/cloudsupplyvapes.com\/it\/wp-json\/wp\/v2\/types\/product"}],"replies":[{"embeddable":true,"href":"https:\/\/cloudsupplyvapes.com\/it\/wp-json\/wp\/v2\/comments?post=8866"}],"wp:featuredmedia":[{"embeddable":true,"href":"https:\/\/cloudsupplyvapes.com\/it\/wp-json\/wp\/v2\/media\/8923"}],"wp:attachment":[{"href":"https:\/\/cloudsupplyvapes.com\/it\/wp-json\/wp\/v2\/media?parent=8866"}],"wp:term":[{"taxonomy":"product_brand","embeddable":true,"href":"https:\/\/cloudsupplyvapes.com\/it\/wp-json\/wp\/v2\/product_brand?post=8866"},{"taxonomy":"product_cat","embeddable":true,"href":"https:\/\/cloudsupplyvapes.com\/it\/wp-json\/wp\/v2\/product_cat?post=8866"},{"taxonomy":"product_tag","embeddable":true,"href":"https:\/\/cloudsupplyvapes.com\/it\/wp-json\/wp\/v2\/product_tag?post=8866"}],"curies":[{"name":"wp","href":"https:\/\/api.w.org\/{rel}","templated":true}]}}