{"id":8867,"date":"2024-10-19T03:03:09","date_gmt":"2024-10-19T03:03:09","guid":{"rendered":"https:\/\/cloudsupplyvapes.com\/?post_type=product&#038;p=8867"},"modified":"2024-11-19T06:50:09","modified_gmt":"2024-11-19T06:50:09","slug":"-285","status":"publish","type":"product","link":"https:\/\/cloudsupplyvapes.com\/it\/product\/reymont-pura-reload-10k-disposable-wholesale\/","title":{"rendered":"Reymont Pura Reload 10K Vape usa e getta all'ingrosso - 10.000 boccate, ricaricabile, 10mL E-Liquid, Vapes all'ingrosso per la rivendita"},"content":{"rendered":"<h2>Gusti disponibili:<\/h2>\n<p>Casuale per impostazione predefinita. Personalizzabile su richiesta<\/p>\n<h3>Reymont PURA Reload 10K Specifiche tecniche<\/h3>\n<table>\n<thead>\n<tr>\n<th><strong>Caratteristica<\/strong><\/th>\n<th><strong>Specifiche<\/strong><\/th>\n<\/tr>\n<\/thead>\n<tbody>\n<tr>\n<td>Capacit\u00e0 della batteria<\/td>\n<td>650 mAh<\/td>\n<\/tr>\n<tr>\n<td>Capacit\u00e0 del liquido elettronico<\/td>\n<td>2+10*2ml<\/td>\n<\/tr>\n<tr>\n<td>Forza della nicotina<\/td>\n<td>2%<\/td>\n<\/tr>\n<tr>\n<td>Bign\u00e8<\/td>\n<td>Fino a 10.000 soffi<\/td>\n<\/tr>\n<tr>\n<td>Peso della confezione<\/td>\n<td>20,5 kg\/200 pezzi<\/td>\n<\/tr>\n<\/tbody>\n<\/table>\n<h3>Caratteristiche principali:<\/h3>\n<ul>\n<li><strong>Serbatoio sostituibile da 2,0 ml con flash LED:<\/strong> Non solo funzionalit\u00e0, ma anche estetica, grazie all'illuminazione quando \u00e8 in uso.<\/li>\n<li><strong>Bottiglie sostituibili da 2x10ml:<\/strong> Viene fornito con due flaconi da 10 ml facili da sostituire, per garantire una nuova esperienza ad ogni cambio.<\/li>\n<li><strong>Batteria e display avanzati:<\/strong> Dotato di una batteria da 650 mAh e di un display per il monitoraggio della tensione della batteria e dei loghi personalizzati, migliora sia l'utilit\u00e0 che la personalizzazione.<\/li>\n<li><strong>Tecnologia della bobina a doppia maglia:<\/strong> Migliora l'erogazione del sapore per un'esperienza di svapo pi\u00f9 ricca e soddisfacente.<\/li>\n<li><strong>Connessione magnetica:<\/strong> Fornisce un fissaggio sicuro per i serbatoi sostituibili, rendendo facile ed efficiente il cambio di aroma.<\/li>\n<li><strong>Aromi personalizzabili:<\/strong> Personalizzate la vostra esperienza di vaping con aromi che possono essere adattati a qualsiasi preferenza.<\/li>\n<\/ul>\n<h3>Perch\u00e9 scegliere Reymont PURA Reload 10K?<\/h3>\n<p>Reymont PURA Reload 10K si distingue per le sue caratteristiche innovative, come le bottiglie di e-liquid sostituibili e la bobina a doppia maglia, che offrono un viaggio pratico e migliorato nel vaping. \u00c8 stata progettata per coloro che apprezzano la convenienza, la variet\u00e0 e la qualit\u00e0 e rappresenta la scelta ideale per i fornitori di liquidi o i distributori di marchi. Con un massimo di 10.000 boccate e una robusta batteria da 650 mAh, questo dispositivo promette affidabilit\u00e0 e soddisfazione a ogni boccata.<\/p>","protected":false},"excerpt":{"rendered":"<p>Reymont Pura Reload 10K offre un vaping senza interruzioni grazie a una struttura robusta e a un'attivazione precisa dell'erogazione. Il suo design leggero e il flusso di vapore costante lo rendono ideale per la rivendita di prodotti sfusi.<\/p>","protected":false},"featured_media":8924,"comment_status":"open","ping_status":"closed","template":"","meta":[],"product_brand":[],"product_cat":[22],"product_tag":[],"class_list":{"0":"post-8867","1":"product","2":"type-product","3":"status-publish","4":"has-post-thumbnail","6":"product_cat-disposable-vape-sticks","8":"first","9":"instock","10":"shipping-taxable","11":"purchasable","12":"product-type-simple"},"jetpack_sharing_enabled":true,"tiered_pricing_type":"fixed","tiered_pricing_fixed_rules":[],"tiered_pricing_product_settings":{"layout":"default","base_unit_name":{"singular":null,"plural":null},"default_variation":null},"tiered_pricing_minimum_quantity":10,"tiered_pricing_roles_data":[],"tiered_pricing_percentage_rules":[],"tiered_pricing_maximum_quantity":null,"tiered_pricing_quantity_step":null,"_links":{"self":[{"href":"https:\/\/cloudsupplyvapes.com\/it\/wp-json\/wp\/v2\/product\/8867","targetHints":{"allow":["GET"]}}],"collection":[{"href":"https:\/\/cloudsupplyvapes.com\/it\/wp-json\/wp\/v2\/product"}],"about":[{"href":"https:\/\/cloudsupplyvapes.com\/it\/wp-json\/wp\/v2\/types\/product"}],"replies":[{"embeddable":true,"href":"https:\/\/cloudsupplyvapes.com\/it\/wp-json\/wp\/v2\/comments?post=8867"}],"wp:featuredmedia":[{"embeddable":true,"href":"https:\/\/cloudsupplyvapes.com\/it\/wp-json\/wp\/v2\/media\/8924"}],"wp:attachment":[{"href":"https:\/\/cloudsupplyvapes.com\/it\/wp-json\/wp\/v2\/media?parent=8867"}],"wp:term":[{"taxonomy":"product_brand","embeddable":true,"href":"https:\/\/cloudsupplyvapes.com\/it\/wp-json\/wp\/v2\/product_brand?post=8867"},{"taxonomy":"product_cat","embeddable":true,"href":"https:\/\/cloudsupplyvapes.com\/it\/wp-json\/wp\/v2\/product_cat?post=8867"},{"taxonomy":"product_tag","embeddable":true,"href":"https:\/\/cloudsupplyvapes.com\/it\/wp-json\/wp\/v2\/product_tag?post=8867"}],"curies":[{"name":"wp","href":"https:\/\/api.w.org\/{rel}","templated":true}]}}