{"id":8903,"date":"2024-10-19T03:03:31","date_gmt":"2024-10-19T03:03:31","guid":{"rendered":"https:\/\/cloudsupplyvapes.com\/?post_type=product&#038;p=8903"},"modified":"2024-11-19T06:35:48","modified_gmt":"2024-11-19T06:35:48","slug":"-299","status":"publish","type":"product","link":"https:\/\/cloudsupplyvapes.com\/it\/product\/doloda-mini-bar-800-puff-disposable-vape-wholesale\/","title":{"rendered":"DOLODA Mini Bar 800 Puffs usa e getta - Capacit\u00e0 2mL, compatto e ultraportatile, pronto per l'acquisto in blocco"},"content":{"rendered":"<h2>Opzioni di gusto:<\/h2>\n<ul>\n<li>Ghiaccio lussureggiante<\/li>\n<li>Mela acida<\/li>\n<li>Ghiaccio alla menta<\/li>\n<li>Ghiaccio Blu Razz<\/li>\n<li>Ghiaccio al mango e melone<\/li>\n<li>Yogurt alla fragola<\/li>\n<li>Ghiaccio alla banana<\/li>\n<li>Ghiaccio alla pesca<\/li>\n<li>Pina Colada<\/li>\n<li>Aloe Uva<\/li>\n<\/ul>\n<h3>Specifiche del Mini Bar DOLODA<\/h3>\n<table>\n<thead>\n<tr>\n<th><strong>Caratteristica<\/strong><\/th>\n<th><strong>Specifiche<\/strong><\/th>\n<\/tr>\n<\/thead>\n<tbody>\n<tr>\n<td>Bign\u00e8<\/td>\n<td>800 soffi<\/td>\n<\/tr>\n<tr>\n<td>Nucleo<\/td>\n<td>Bobina a rete da 1,2ohm<\/td>\n<\/tr>\n<tr>\n<td>Capacit\u00e0 del liquido elettronico<\/td>\n<td>2,5 ml<\/td>\n<\/tr>\n<tr>\n<td>Forza della nicotina<\/td>\n<td>2%, 5%<\/td>\n<\/tr>\n<tr>\n<td>Capacit\u00e0 della batteria<\/td>\n<td>480 mAh<\/td>\n<\/tr>\n<tr>\n<td>Peso del prodotto<\/td>\n<td>35,5g\/pz.<\/td>\n<\/tr>\n<tr>\n<td>Dimensione del prodotto<\/td>\n<td>121,5*24,5*24,5 mm<\/td>\n<\/tr>\n<tr>\n<td>Peso della confezione<\/td>\n<td>15,5 kg\/400 pezzi<\/td>\n<\/tr>\n<tr>\n<td>Dimensioni del cartone<\/td>\n<td>546*265*270 mm<\/td>\n<\/tr>\n<\/tbody>\n<\/table>\n<h3>Caratteristiche principali:<\/h3>\n<ul>\n<li><strong>Compatto e leggero:<\/strong> Progettato per la portabilit\u00e0 e la facilit\u00e0 d'uso, ideale per il vaping in movimento.<\/li>\n<li><strong>Bobina a rete efficiente:<\/strong> Dispone di una bobina a rete da 1,2ohm che assicura un sapore ricco e una produzione di vapore omogenea.<\/li>\n<li><strong>Opzioni di nicotina convenienti:<\/strong> Disponibile nelle gradazioni di nicotina 2% e 5% per soddisfare le diverse preferenze.<\/li>\n<li><strong>Vaping discreto:<\/strong> Le dimensioni ridotte lo rendono discreto e facile da trasportare, perfetto per un uso discreto.<\/li>\n<li><strong>Ampia gamma di sapori:<\/strong> Offre una vasta scelta di sapori per soddisfare tutti i gusti, da quelli fruttati a quelli cremosi.<\/li>\n<\/ul>\n<h3>Perch\u00e9 scegliere DOLODA Mini Bar?<\/h3>\n<p>Il DOLODA Mini Bar \u00e8 perfetto per chi preferisce un dispositivo compatto e facile da usare che non scende a compromessi con il sapore. \u00c8 una scelta eccellente per i vapers occasionali o per chi cerca un'opzione conveniente per i viaggi o per l'uso occasionale.<\/p>","protected":false},"excerpt":{"rendered":"<p>DOLODA Mini Bar eccelle per portabilit\u00e0 e design. Con la sua struttura resistente e il funzionamento senza sforzo, questo dispositivo \u00e8 fatto su misura per il vaping conveniente e per gli ordini di grandi quantit\u00e0.<\/p>","protected":false},"featured_media":9203,"comment_status":"open","ping_status":"closed","template":"","meta":[],"product_brand":[],"product_cat":[22],"product_tag":[473],"class_list":{"0":"post-8903","1":"product","2":"type-product","3":"status-publish","4":"has-post-thumbnail","6":"product_cat-disposable-vape-sticks","7":"product_tag-doloda","9":"first","10":"instock","11":"sale","12":"shipping-taxable","13":"purchasable","14":"product-type-simple"},"jetpack_sharing_enabled":true,"tiered_pricing_type":"fixed","tiered_pricing_fixed_rules":{"500":7.0999999999999996447286321199499070644378662109375,"2000":7,"5000":6.9000000000000003552713678800500929355621337890625},"tiered_pricing_product_settings":{"layout":"default","base_unit_name":{"singular":null,"plural":null},"default_variation":null},"tiered_pricing_minimum_quantity":50,"tiered_pricing_roles_data":[],"tiered_pricing_percentage_rules":[],"tiered_pricing_maximum_quantity":null,"tiered_pricing_quantity_step":null,"_links":{"self":[{"href":"https:\/\/cloudsupplyvapes.com\/it\/wp-json\/wp\/v2\/product\/8903","targetHints":{"allow":["GET"]}}],"collection":[{"href":"https:\/\/cloudsupplyvapes.com\/it\/wp-json\/wp\/v2\/product"}],"about":[{"href":"https:\/\/cloudsupplyvapes.com\/it\/wp-json\/wp\/v2\/types\/product"}],"replies":[{"embeddable":true,"href":"https:\/\/cloudsupplyvapes.com\/it\/wp-json\/wp\/v2\/comments?post=8903"}],"wp:featuredmedia":[{"embeddable":true,"href":"https:\/\/cloudsupplyvapes.com\/it\/wp-json\/wp\/v2\/media\/9203"}],"wp:attachment":[{"href":"https:\/\/cloudsupplyvapes.com\/it\/wp-json\/wp\/v2\/media?parent=8903"}],"wp:term":[{"taxonomy":"product_brand","embeddable":true,"href":"https:\/\/cloudsupplyvapes.com\/it\/wp-json\/wp\/v2\/product_brand?post=8903"},{"taxonomy":"product_cat","embeddable":true,"href":"https:\/\/cloudsupplyvapes.com\/it\/wp-json\/wp\/v2\/product_cat?post=8903"},{"taxonomy":"product_tag","embeddable":true,"href":"https:\/\/cloudsupplyvapes.com\/it\/wp-json\/wp\/v2\/product_tag?post=8903"}],"curies":[{"name":"wp","href":"https:\/\/api.w.org\/{rel}","templated":true}]}}