{"id":8904,"date":"2024-10-19T03:03:32","date_gmt":"2024-10-19T03:03:32","guid":{"rendered":"https:\/\/cloudsupplyvapes.com\/?post_type=product&#038;p=8904"},"modified":"2024-11-19T06:35:38","modified_gmt":"2024-11-19T06:35:38","slug":"-300","status":"publish","type":"product","link":"https:\/\/cloudsupplyvapes.com\/it\/product\/elf-box-crystal-bar-600-puff-disposable-vape-wholesale\/","title":{"rendered":"ELF BOX Crystal Bar 600 soffi monouso - Serbatoio da 2 ml, elegante finitura in cristallo, vapes Crystal Bar all'ingrosso a prezzi accessibili"},"content":{"rendered":"<h2>Opzioni di gusto:<\/h2>\n<ul>\n<li>Ghiaccio alla ciliegia<\/li>\n<li>Ghiaccio alla fragola<\/li>\n<li>Ghiaccio d'uva<\/li>\n<li>Bacche miste<\/li>\n<li>Ghiaccio al mirtillo<\/li>\n<li>Ghiaccio all'anguria<\/li>\n<li>Anguria alla fragola<\/li>\n<li>Razz blu<\/li>\n<li>Ghiaccio alla pesca<\/li>\n<li>Kiwi Frutto della Passione<\/li>\n<\/ul>\n<h3>ELF BOX Crystal Bar Specifiche<\/h3>\n<table>\n<thead>\n<tr>\n<th><strong>Caratteristica<\/strong><\/th>\n<th><strong>Specifiche<\/strong><\/th>\n<\/tr>\n<\/thead>\n<tbody>\n<tr>\n<td>Bign\u00e8<\/td>\n<td>600 soffi<\/td>\n<\/tr>\n<tr>\n<td>Nucleo<\/td>\n<td>1,6ohm<\/td>\n<\/tr>\n<tr>\n<td>Capacit\u00e0 del liquido elettronico<\/td>\n<td>2ml<\/td>\n<\/tr>\n<tr>\n<td>Forza della nicotina<\/td>\n<td>0%, 2%, 5%<\/td>\n<\/tr>\n<tr>\n<td>Capacit\u00e0 della batteria<\/td>\n<td>500 mAh<\/td>\n<\/tr>\n<tr>\n<td>Peso del prodotto<\/td>\n<td>38g<\/td>\n<\/tr>\n<tr>\n<td>Dimensione del prodotto<\/td>\n<td>25*47*77 mm<\/td>\n<\/tr>\n<tr>\n<td>Peso della confezione<\/td>\n<td>17,52 kg\/400 pezzi<\/td>\n<\/tr>\n<tr>\n<td>Dimensioni del cartone<\/td>\n<td>548*235*215 mm<\/td>\n<\/tr>\n<\/tbody>\n<\/table>\n<h3>Caratteristiche principali:<\/h3>\n<ul>\n<li><strong>Compatto ed efficiente:<\/strong> Progettato per la facilit\u00e0 d'uso con un profilo discreto, ideale sia per i nuovi vapers che per quelli esperti.<\/li>\n<li><strong>Nucleo ad alta resistenza:<\/strong> Utilizza una bobina da 1,6ohm ottimizzata per trattenere l'aroma e garantire un vaping fluido.<\/li>\n<li><strong>Opzioni di nicotina convenienti:<\/strong> Disponibile nelle gradazioni di nicotina 0%, 2% e 5% per soddisfare una vasta gamma di preferenze.<\/li>\n<li><strong>Portatile e leggero:<\/strong> Il peso di soli 38 g lo rende eccezionalmente facile da trasportare e da utilizzare in viaggio.<\/li>\n<li><strong>Gamma di sapori deliziosi:<\/strong> Offre una variet\u00e0 di sapori per garantire una piacevole esperienza di vaping a tutti gli utenti.<\/li>\n<\/ul>\n<h3>Perch\u00e9 scegliere ELF BOX Crystal Bar?<\/h3>\n<p>La Crystal Bar di ELF BOX \u00e8 perfetta per i vapers che cercano un'esperienza di svapo semplice e senza fronzoli, con un design compatto e un'ampia scelta di aromi. \u00c8 una scelta eccellente per coloro che danno priorit\u00e0 alla praticit\u00e0 e alla variet\u00e0 di aromi in una svapata usa e getta.<\/p>","protected":false},"excerpt":{"rendered":"<p>La ELF BOX Crystal Bar si distingue per l'estetica moderna e la struttura compatta. Questa cialda leggera \u00e8 realizzata per un'estrazione fluida ed \u00e8 una scelta popolare per gli acquirenti di prodotti sfusi.<\/p>","protected":false},"featured_media":9204,"comment_status":"open","ping_status":"closed","template":"","meta":[],"product_brand":[],"product_cat":[22],"product_tag":[472],"class_list":{"0":"post-8904","1":"product","2":"type-product","3":"status-publish","4":"has-post-thumbnail","6":"product_cat-disposable-vape-sticks","7":"product_tag-elf-box","9":"first","10":"instock","11":"sale","12":"shipping-taxable","13":"purchasable","14":"product-type-simple"},"jetpack_sharing_enabled":true,"tiered_pricing_type":"fixed","tiered_pricing_fixed_rules":{"500":6.79999999999999982236431605997495353221893310546875,"2000":6.70000000000000017763568394002504646778106689453125,"5000":6.5},"tiered_pricing_product_settings":{"layout":"default","base_unit_name":{"singular":null,"plural":null},"default_variation":null},"tiered_pricing_minimum_quantity":50,"tiered_pricing_roles_data":[],"tiered_pricing_percentage_rules":[],"tiered_pricing_maximum_quantity":null,"tiered_pricing_quantity_step":null,"_links":{"self":[{"href":"https:\/\/cloudsupplyvapes.com\/it\/wp-json\/wp\/v2\/product\/8904","targetHints":{"allow":["GET"]}}],"collection":[{"href":"https:\/\/cloudsupplyvapes.com\/it\/wp-json\/wp\/v2\/product"}],"about":[{"href":"https:\/\/cloudsupplyvapes.com\/it\/wp-json\/wp\/v2\/types\/product"}],"replies":[{"embeddable":true,"href":"https:\/\/cloudsupplyvapes.com\/it\/wp-json\/wp\/v2\/comments?post=8904"}],"wp:featuredmedia":[{"embeddable":true,"href":"https:\/\/cloudsupplyvapes.com\/it\/wp-json\/wp\/v2\/media\/9204"}],"wp:attachment":[{"href":"https:\/\/cloudsupplyvapes.com\/it\/wp-json\/wp\/v2\/media?parent=8904"}],"wp:term":[{"taxonomy":"product_brand","embeddable":true,"href":"https:\/\/cloudsupplyvapes.com\/it\/wp-json\/wp\/v2\/product_brand?post=8904"},{"taxonomy":"product_cat","embeddable":true,"href":"https:\/\/cloudsupplyvapes.com\/it\/wp-json\/wp\/v2\/product_cat?post=8904"},{"taxonomy":"product_tag","embeddable":true,"href":"https:\/\/cloudsupplyvapes.com\/it\/wp-json\/wp\/v2\/product_tag?post=8904"}],"curies":[{"name":"wp","href":"https:\/\/api.w.org\/{rel}","templated":true}]}}