{"id":8906,"date":"2024-10-19T03:03:32","date_gmt":"2024-10-19T03:03:32","guid":{"rendered":"https:\/\/cloudsupplyvapes.com\/?post_type=product&#038;p=8906"},"modified":"2024-11-19T06:35:20","modified_gmt":"2024-11-19T06:35:20","slug":"-302","status":"publish","type":"product","link":"https:\/\/cloudsupplyvapes.com\/it\/product\/poco-bm7000-puffs-disposable-vape-wholesale-germany-europe-and-usa-local-warehouse-in-stock\/","title":{"rendered":"POCO BM7000 Puff monouso all'ingrosso - 7.000 puff, capacit\u00e0 di 13 ml, ricaricabile, alto numero di puff per ordini in blocco"},"content":{"rendered":"<h2>Opzioni di gusto:<\/h2>\n<ul>\n<li>Anguria alla fragola<\/li>\n<li>Bacca di banana Frutto del drago<\/li>\n<li>Mirtillo rosso d'uva<\/li>\n<li>Menta fresca<\/li>\n<li>Mirtillo Lampone<\/li>\n<li>Zucchero filato al mirtillo<\/li>\n<li>Ghiaccio alla pesca<\/li>\n<li>Mango alla fragola<\/li>\n<li>Frutto della passione Kiwi Guava<\/li>\n<li>Ghiaccio al mirtillo<\/li>\n<\/ul>\n<h3>POCO BM7000 Specifiche<\/h3>\n<table>\n<thead>\n<tr>\n<th><strong>Caratteristica<\/strong><\/th>\n<th><strong>Specifiche<\/strong><\/th>\n<\/tr>\n<\/thead>\n<tbody>\n<tr>\n<td>Capacit\u00e0<\/td>\n<td>17ml<\/td>\n<\/tr>\n<tr>\n<td>Forza della nicotina<\/td>\n<td>5%<\/td>\n<\/tr>\n<tr>\n<td>Capacit\u00e0 della batteria<\/td>\n<td>850 mAh<\/td>\n<\/tr>\n<tr>\n<td>Ricaricabile<\/td>\n<td>Tipo-C<\/td>\n<\/tr>\n<tr>\n<td>Bign\u00e8<\/td>\n<td>7000 boccate<\/td>\n<\/tr>\n<tr>\n<td>Peso del prodotto<\/td>\n<td>Calcolato alla cassa in base alla quantit\u00e0 e alla localit\u00e0 di spedizione<\/td>\n<\/tr>\n<\/tbody>\n<\/table>\n<h3>Caratteristiche principali:<\/h3>\n<ul>\n<li><strong>Grande capacit\u00e0 di liquido elettronico:<\/strong> Dispone di un serbatoio di e-liquid da 17 ml che supporta fino a 7000 soffi, rendendolo altamente efficiente per un uso prolungato.<\/li>\n<li><strong>Batteria ad alte prestazioni:<\/strong> Dotata di una batteria da 850 mAh, garantisce sessioni di svapo di lunga durata con una resa costante.<\/li>\n<li><strong>Ricarica USB Tipo-C:<\/strong> \u00c8 dotato di una porta Type-C per una ricarica rapida e comoda, che riduce notevolmente i tempi di inattivit\u00e0.<\/li>\n<li><strong>Ampia gamma di sapori:<\/strong> Offre una vasta scelta di sapori, dal fruttato alla menta, per soddisfare tutte le preferenze.<\/li>\n<\/ul>\n<h3>Perch\u00e9 scegliere POCO BM7000?<\/h3>\n<p>Il POCO BM7000 si distingue per l'ampia capacit\u00e0 di e-liquid e la potente batteria, offrendo un'esperienza di vaping affidabile e piacevole. \u00c8 perfetto per i vapers che cercano un dispositivo usa e getta ad alta capacit\u00e0 che offra variet\u00e0 e longevit\u00e0.<\/p>","protected":false},"excerpt":{"rendered":"<p>Grazie alla maggiore efficienza della batteria e al design del serbatoio di qualit\u00e0 superiore, POCO BM7000 offre una funzionalit\u00e0 senza soluzione di continuit\u00e0. La sua struttura leggera si rivolge agli utenti in movimento e agli acquirenti di grandi quantit\u00e0 che cercano dispositivi affidabili.<\/p>","protected":false},"featured_media":9206,"comment_status":"open","ping_status":"closed","template":"","meta":[],"product_brand":[],"product_cat":[22],"product_tag":[474],"class_list":{"0":"post-8906","1":"product","2":"type-product","3":"status-publish","4":"has-post-thumbnail","6":"product_cat-disposable-vape-sticks","7":"product_tag-poco","9":"first","10":"instock","11":"sale","12":"shipping-taxable","13":"purchasable","14":"product-type-simple"},"jetpack_sharing_enabled":true,"tiered_pricing_type":"fixed","tiered_pricing_fixed_rules":{"500":6.70000000000000017763568394002504646778106689453125,"2000":6.5999999999999996447286321199499070644378662109375,"5000":6.5},"tiered_pricing_product_settings":{"layout":"default","base_unit_name":{"singular":null,"plural":null},"default_variation":null},"tiered_pricing_minimum_quantity":50,"tiered_pricing_roles_data":[],"tiered_pricing_percentage_rules":[],"tiered_pricing_maximum_quantity":null,"tiered_pricing_quantity_step":null,"_links":{"self":[{"href":"https:\/\/cloudsupplyvapes.com\/it\/wp-json\/wp\/v2\/product\/8906","targetHints":{"allow":["GET"]}}],"collection":[{"href":"https:\/\/cloudsupplyvapes.com\/it\/wp-json\/wp\/v2\/product"}],"about":[{"href":"https:\/\/cloudsupplyvapes.com\/it\/wp-json\/wp\/v2\/types\/product"}],"replies":[{"embeddable":true,"href":"https:\/\/cloudsupplyvapes.com\/it\/wp-json\/wp\/v2\/comments?post=8906"}],"wp:featuredmedia":[{"embeddable":true,"href":"https:\/\/cloudsupplyvapes.com\/it\/wp-json\/wp\/v2\/media\/9206"}],"wp:attachment":[{"href":"https:\/\/cloudsupplyvapes.com\/it\/wp-json\/wp\/v2\/media?parent=8906"}],"wp:term":[{"taxonomy":"product_brand","embeddable":true,"href":"https:\/\/cloudsupplyvapes.com\/it\/wp-json\/wp\/v2\/product_brand?post=8906"},{"taxonomy":"product_cat","embeddable":true,"href":"https:\/\/cloudsupplyvapes.com\/it\/wp-json\/wp\/v2\/product_cat?post=8906"},{"taxonomy":"product_tag","embeddable":true,"href":"https:\/\/cloudsupplyvapes.com\/it\/wp-json\/wp\/v2\/product_tag?post=8906"}],"curies":[{"name":"wp","href":"https:\/\/api.w.org\/{rel}","templated":true}]}}