{"id":8907,"date":"2024-10-19T03:03:32","date_gmt":"2024-10-19T03:03:32","guid":{"rendered":"https:\/\/cloudsupplyvapes.com\/?post_type=product&#038;p=8907"},"modified":"2024-11-19T06:35:10","modified_gmt":"2024-11-19T06:35:10","slug":"-303","status":"publish","type":"product","link":"https:\/\/cloudsupplyvapes.com\/it\/product\/poco-be5000-puffs-disposable-vape-wholesale-germany-europe-and-usa-local-warehouse-in-stock\/","title":{"rendered":"POCO BE5000 Puffs Vape usa e getta all'ingrosso - 5.000 Puffs, 10mL E-Liquid, Ricaricabile, Disponibile in Germania, Europa, USA"},"content":{"rendered":"<h2>Opzioni di gusto:<\/h2>\n<ul>\n<li>Blu Razz Ciliegia<\/li>\n<li>Strawnana<\/li>\n<li>Arancia Mango Guava<\/li>\n<li>Anguria alla fragola<\/li>\n<li>Aloe Uva<\/li>\n<li>Fragola Mango Pesca<\/li>\n<li>Mela Pesca<\/li>\n<li>Pina Colada<\/li>\n<li>Ghiaccio al mirtillo<\/li>\n<li>Fragola Kiwi<\/li>\n<\/ul>\n<h3>POCO BE5000 Specifiche<\/h3>\n<table>\n<thead>\n<tr>\n<th><strong>Caratteristica<\/strong><\/th>\n<th><strong>Specifiche<\/strong><\/th>\n<\/tr>\n<\/thead>\n<tbody>\n<tr>\n<td>Capacit\u00e0<\/td>\n<td>15ml<\/td>\n<\/tr>\n<tr>\n<td>Forza della nicotina<\/td>\n<td>5%<\/td>\n<\/tr>\n<tr>\n<td>Capacit\u00e0 della batteria<\/td>\n<td>650 mAh<\/td>\n<\/tr>\n<tr>\n<td>Ricaricabile<\/td>\n<td>Spina di tipo C<\/td>\n<\/tr>\n<tr>\n<td>Bign\u00e8<\/td>\n<td>5000 soffi<\/td>\n<\/tr>\n<\/tbody>\n<\/table>\n<h3>Caratteristiche principali:<\/h3>\n<ul>\n<li><strong>Volume generoso del liquido elettronico:<\/strong> Viene fornito con un serbatoio da 15 ml, che fornisce fino a 5000 boccate per un divertimento di lunga durata.<\/li>\n<li><strong>Nicotina ad alta intensit\u00e0:<\/strong> Offre una concentrazione costante di nicotina 5% per un'esperienza di svapo soddisfacente.<\/li>\n<li><strong>Batteria efficiente:<\/strong> Dotato di una batteria da 650 mAh ricaricabile tramite una spina Type-C, garantisce affidabilit\u00e0 e praticit\u00e0.<\/li>\n<li><strong>Selezione di sapori diversi:<\/strong> Offre un'ampia gamma di sapori deliziosi, in grado di soddisfare le diverse preferenze di gusto.<\/li>\n<\/ul>\n<h3>Perch\u00e9 scegliere POCO BE5000?<\/h3>\n<p>Il POCO BE5000 offre una miscela perfetta di capacit\u00e0, gusto e convenienza, ideale per i vapers che cercano un dispositivo robusto con ampie opzioni di aroma ed elevata usabilit\u00e0. \u00c8 stato progettato per coloro che apprezzano la diversit\u00e0 dei sapori e l'efficienza del dispositivo. In stock in Germania Magazzino UE\/USA<\/p>","protected":false},"excerpt":{"rendered":"<p>POCO BE5000 \u00e8 caratterizzato da un'ingegneria di precisione e da un profilo elegante. Questo dispositivo portatile garantisce un'erogazione di vapore costante, rendendolo una scelta di spicco per il vaping quotidiano e per i mercati all'ingrosso in Europa e negli Stati Uniti.<\/p>","protected":false},"featured_media":9207,"comment_status":"open","ping_status":"closed","template":"","meta":[],"product_brand":[],"product_cat":[22],"product_tag":[474],"class_list":{"0":"post-8907","1":"product","2":"type-product","3":"status-publish","4":"has-post-thumbnail","6":"product_cat-disposable-vape-sticks","7":"product_tag-poco","9":"first","10":"instock","11":"sale","12":"shipping-taxable","13":"purchasable","14":"product-type-simple"},"jetpack_sharing_enabled":true,"tiered_pricing_type":"fixed","tiered_pricing_fixed_rules":{"500":6.70000000000000017763568394002504646778106689453125,"2000":6.5999999999999996447286321199499070644378662109375,"5000":6.5},"tiered_pricing_product_settings":{"layout":"default","base_unit_name":{"singular":null,"plural":null},"default_variation":null},"tiered_pricing_minimum_quantity":50,"tiered_pricing_roles_data":[],"tiered_pricing_percentage_rules":[],"tiered_pricing_maximum_quantity":null,"tiered_pricing_quantity_step":null,"_links":{"self":[{"href":"https:\/\/cloudsupplyvapes.com\/it\/wp-json\/wp\/v2\/product\/8907","targetHints":{"allow":["GET"]}}],"collection":[{"href":"https:\/\/cloudsupplyvapes.com\/it\/wp-json\/wp\/v2\/product"}],"about":[{"href":"https:\/\/cloudsupplyvapes.com\/it\/wp-json\/wp\/v2\/types\/product"}],"replies":[{"embeddable":true,"href":"https:\/\/cloudsupplyvapes.com\/it\/wp-json\/wp\/v2\/comments?post=8907"}],"wp:featuredmedia":[{"embeddable":true,"href":"https:\/\/cloudsupplyvapes.com\/it\/wp-json\/wp\/v2\/media\/9207"}],"wp:attachment":[{"href":"https:\/\/cloudsupplyvapes.com\/it\/wp-json\/wp\/v2\/media?parent=8907"}],"wp:term":[{"taxonomy":"product_brand","embeddable":true,"href":"https:\/\/cloudsupplyvapes.com\/it\/wp-json\/wp\/v2\/product_brand?post=8907"},{"taxonomy":"product_cat","embeddable":true,"href":"https:\/\/cloudsupplyvapes.com\/it\/wp-json\/wp\/v2\/product_cat?post=8907"},{"taxonomy":"product_tag","embeddable":true,"href":"https:\/\/cloudsupplyvapes.com\/it\/wp-json\/wp\/v2\/product_tag?post=8907"}],"curies":[{"name":"wp","href":"https:\/\/api.w.org\/{rel}","templated":true}]}}