{"id":8943,"date":"2024-10-19T03:04:18","date_gmt":"2024-10-19T03:04:18","guid":{"rendered":"https:\/\/cloudsupplyvapes.com\/?post_type=product&#038;p=8943"},"modified":"2024-11-19T06:35:00","modified_gmt":"2024-11-19T06:35:00","slug":"-306","status":"publish","type":"product","link":"https:\/\/cloudsupplyvapes.com\/it\/product\/elfbar-fs18000-disposable-pod-device-bulk-wholesale-in-stock-in-middle-east-pakistan\/","title":{"rendered":"Elfbar FS18000 Dispositivo Pod usa e getta all'ingrosso - 18.000 soffi, ricaricabile, 12mL E-Liquid, Pod sfusi per Medio Oriente e Pakistan"},"content":{"rendered":"<p>Modalit\u00e0 boost, 10k soffi, modalit\u00e0 smooth, 18k soffi.<\/p>\n<p>Caratteristiche:<br \/>\nModalit\u00e0 regolabili con doppia bobina a rete, schermo piatto con interfaccia utente colorata, indicatore intuitivo della batteria e dell'e-liquido, 30 aromi<\/p>\n<p>&nbsp;<\/p>\n<p>In stock nel magazzino locale di<\/p>\n<ul class=\"tagchecklist\" role=\"list\">\n<li><strong>Dubai<\/strong><\/li>\n<li><strong>Pakistan<\/strong><\/li>\n<li><strong>Arabia Saudita<\/strong><\/li>\n<li><strong>Medio Oriente<\/strong><\/li>\n<\/ul>\n<p>O spedizione diretta dalla fabbrica. consegna veloce!<\/p>","protected":false},"excerpt":{"rendered":"<p>Elfbar FS18000 offre una tecnologia avanzata per il flusso d'aria e una struttura ergonomica. Progettato per garantire prestazioni uniformi, \u00e8 un'opzione ecologica con materiali di prima qualit\u00e0, ideale per l'uso a lungo termine e la distribuzione di grandi quantit\u00e0.<\/p>","protected":false},"featured_media":9262,"comment_status":"open","ping_status":"closed","template":"","meta":[],"product_brand":[],"product_cat":[22],"product_tag":[476,330,183,477,478],"class_list":{"0":"post-8943","1":"product","2":"type-product","3":"status-publish","4":"has-post-thumbnail","6":"product_cat-disposable-vape-sticks","7":"product_tag-dubai","8":"product_tag-elfbar","9":"product_tag-middle-east","10":"product_tag-pakistan","11":"product_tag-saudi-arabia","13":"first","14":"instock","15":"shipping-taxable","16":"purchasable","17":"product-type-simple"},"jetpack_sharing_enabled":true,"tiered_pricing_type":"fixed","tiered_pricing_fixed_rules":{"20000":5.0999999999999996447286321199499070644378662109375,"30000":4.9000000000000003552713678800500929355621337890625},"tiered_pricing_product_settings":{"layout":"default","base_unit_name":{"singular":null,"plural":null},"default_variation":null},"tiered_pricing_minimum_quantity":10000,"tiered_pricing_roles_data":[],"tiered_pricing_percentage_rules":[],"tiered_pricing_maximum_quantity":null,"tiered_pricing_quantity_step":null,"_links":{"self":[{"href":"https:\/\/cloudsupplyvapes.com\/it\/wp-json\/wp\/v2\/product\/8943","targetHints":{"allow":["GET"]}}],"collection":[{"href":"https:\/\/cloudsupplyvapes.com\/it\/wp-json\/wp\/v2\/product"}],"about":[{"href":"https:\/\/cloudsupplyvapes.com\/it\/wp-json\/wp\/v2\/types\/product"}],"replies":[{"embeddable":true,"href":"https:\/\/cloudsupplyvapes.com\/it\/wp-json\/wp\/v2\/comments?post=8943"}],"wp:featuredmedia":[{"embeddable":true,"href":"https:\/\/cloudsupplyvapes.com\/it\/wp-json\/wp\/v2\/media\/9262"}],"wp:attachment":[{"href":"https:\/\/cloudsupplyvapes.com\/it\/wp-json\/wp\/v2\/media?parent=8943"}],"wp:term":[{"taxonomy":"product_brand","embeddable":true,"href":"https:\/\/cloudsupplyvapes.com\/it\/wp-json\/wp\/v2\/product_brand?post=8943"},{"taxonomy":"product_cat","embeddable":true,"href":"https:\/\/cloudsupplyvapes.com\/it\/wp-json\/wp\/v2\/product_cat?post=8943"},{"taxonomy":"product_tag","embeddable":true,"href":"https:\/\/cloudsupplyvapes.com\/it\/wp-json\/wp\/v2\/product_tag?post=8943"}],"curies":[{"name":"wp","href":"https:\/\/api.w.org\/{rel}","templated":true}]}}