{"id":9218,"date":"2024-10-19T03:08:29","date_gmt":"2024-10-19T03:08:29","guid":{"rendered":"https:\/\/cloudsupplyvapes.com\/?post_type=product&#038;p=9218"},"modified":"2024-11-19T06:32:09","modified_gmt":"2024-11-19T06:32:09","slug":"-311","status":"publish","type":"product","link":"https:\/\/cloudsupplyvapes.com\/it\/product\/al-fakher-crown-bar-pro-max-disposable-vape-15000-puffs-wholesale\/","title":{"rendered":"Al Fakher Crown Bar Pro Max 15000 Puffs usa e getta Vape Wholesale - Portatile e leggero, costruzione durevole, sconti all'ingrosso"},"content":{"rendered":"<h3>Aromi:<\/h3>\n<p>Due mele<br \/>\nGhiaccio ai frutti di bosco<br \/>\nMenta gommosa<br \/>\nSemplicemente menta<br \/>\nDolcemente appassionato<br \/>\nGhiaccio lussureggiante<br \/>\nAmore magico<br \/>\nMirtillo Bubblegon<br \/>\nMango congelato<br \/>\nMenta e limone<br \/>\nMenta d'uva<br \/>\nRibes nero lce<br \/>\nLampone alla ciliegia<br \/>\nPunch alla fragola<br \/>\nMenta e frutti di bosco<br \/>\nGhiaccio alla pesca<\/p>\n<h4>Specifiche di Al Fakher Crown Bar Pro Max 15000 soffi:<\/h4>\n<ul>\n<li>Bobina a rete<\/li>\n<li>Ricarica di tipo C<\/li>\n<li>DTL Vape<\/li>\n<li>Tecnologia di visualizzazione avanzata<\/li>\n<li>5MG\/0.5% Potere della nicotina<\/li>\n<li>Capacit\u00e0 e-liquid 22ml<\/li>\n<\/ul>","protected":false},"excerpt":{"rendered":"<p>Al Fakher Crown Bar Pro Max offre una portabilit\u00e0 superiore e una facile gestione. Realizzata perfettamente per una produzione di vapore di alta qualit\u00e0, il suo design discreto assicura la comodit\u00e0 di un uso quotidiano e di viaggio.<\/p>","protected":false},"featured_media":9287,"comment_status":"open","ping_status":"closed","template":"","meta":[],"product_brand":[],"product_cat":[22],"product_tag":[],"class_list":{"0":"post-9218","1":"product","2":"type-product","3":"status-publish","4":"has-post-thumbnail","6":"product_cat-disposable-vape-sticks","8":"first","9":"instock","10":"featured","11":"shipping-taxable","12":"purchasable","13":"product-type-simple"},"jetpack_sharing_enabled":true,"tiered_pricing_type":"fixed","tiered_pricing_fixed_rules":{"100":8.5,"500":8.300000000000000710542735760100185871124267578125,"1000":8.0999999999999996447286321199499070644378662109375},"tiered_pricing_product_settings":{"layout":"default","base_unit_name":{"singular":null,"plural":null},"default_variation":null},"tiered_pricing_minimum_quantity":10,"tiered_pricing_roles_data":[],"tiered_pricing_percentage_rules":[],"tiered_pricing_maximum_quantity":null,"tiered_pricing_quantity_step":null,"_links":{"self":[{"href":"https:\/\/cloudsupplyvapes.com\/it\/wp-json\/wp\/v2\/product\/9218","targetHints":{"allow":["GET"]}}],"collection":[{"href":"https:\/\/cloudsupplyvapes.com\/it\/wp-json\/wp\/v2\/product"}],"about":[{"href":"https:\/\/cloudsupplyvapes.com\/it\/wp-json\/wp\/v2\/types\/product"}],"replies":[{"embeddable":true,"href":"https:\/\/cloudsupplyvapes.com\/it\/wp-json\/wp\/v2\/comments?post=9218"}],"wp:featuredmedia":[{"embeddable":true,"href":"https:\/\/cloudsupplyvapes.com\/it\/wp-json\/wp\/v2\/media\/9287"}],"wp:attachment":[{"href":"https:\/\/cloudsupplyvapes.com\/it\/wp-json\/wp\/v2\/media?parent=9218"}],"wp:term":[{"taxonomy":"product_brand","embeddable":true,"href":"https:\/\/cloudsupplyvapes.com\/it\/wp-json\/wp\/v2\/product_brand?post=9218"},{"taxonomy":"product_cat","embeddable":true,"href":"https:\/\/cloudsupplyvapes.com\/it\/wp-json\/wp\/v2\/product_cat?post=9218"},{"taxonomy":"product_tag","embeddable":true,"href":"https:\/\/cloudsupplyvapes.com\/it\/wp-json\/wp\/v2\/product_tag?post=9218"}],"curies":[{"name":"wp","href":"https:\/\/api.w.org\/{rel}","templated":true}]}}