{"id":4603,"date":"2024-10-19T02:38:00","date_gmt":"2024-10-19T02:38:00","guid":{"rendered":"https:\/\/cloudsupplyvapes.com\/?post_type=product&#038;p=4603"},"modified":"2024-11-26T05:27:21","modified_gmt":"2024-11-26T05:27:21","slug":"-162","status":"publish","type":"product","link":"https:\/\/cloudsupplyvapes.com\/nl\/product\/elfworld-reload-6000-puffs-disposable-vape-wholesale\/","title":{"rendered":"ELFWORLD Reload 6000 Puffs Wegwerp Vape Groothandel Hoge Kwaliteit Lekvrij Ontwerp"},"content":{"rendered":"<h2>ELFWORLD Reload Wegwerpvape<\/h2>\n<ul class=\"top\">\n<li>Merk:\u00a0<b>Elfwereld Vapes<\/b><b><\/b><\/li>\n<li>Eenheid: set<\/li>\n<li>Type:\u00a0<b>Wegwerp vape<\/b><\/li>\n<li>Nettogewicht: 60 (g)<\/li>\n<\/ul>\n<p>De gecombineerde verzendkosten worden automatisch berekend door het systeem nadat je de verzendbestemming hebt gekozen bij het afrekenen.<\/p>\n<div class=\"title\">ELFWORLD Reload Wegwerpvape INLEIDING<\/div>\n<p><b>ELFWORLD Reload Wegwerpvape<\/b>\u00a0heeft een voornamelijk plastic behuizing, een vervangbare pod en een oplaadbare basis. Elk apparaat is geschikt voor een voorgevulde e-liquid van 12 ml en een nicotine zoutgehalte van 5%(50mg) voor maximaal 6000 trekjes, de pod wordt aangesloten via een magnetische verbinding. Hij levert een smaakvolle damp en heeft een opvallend vierkant lichaam voor onderweg. Deze alles-in-\u00e9\u00e9n wegwerpvape levert handige prestaties, voorkomt verbranding en verbetert het gebruik van e-vloeistof via de ge\u00efntegreerde, vermaasde spoel.<\/p>\n<p class=\"second-title\">Kenmerken<\/p>\n<p>- Materiaal: PC &amp; PCTG &amp; AL<\/p>\n<p>- 12ml Voorgevuld Vape Sap<\/p>\n<p>- Oplaadbare 650mAh batterij<\/p>\n<p>- Type-C kabel (niet meegeleverd)<\/p>\n<p>- 5%(50mg) Nic Zout<\/p>\n<p>- Ongeveer 6000 soesjes<\/p>\n<p>- Spoel<\/p>\n<p>- Tekenen-geactiveerd<\/p>\n<p><a href=\"https:\/\/i0.wp.com\/shop.vape.hk\/wp-content\/uploads\/2023\/10\/elfworld-reload-detail.jpg?ssl=1\" target=\"_blank\" rel=\"noopener\"><img data-recalc-dims=\"1\" loading=\"lazy\" decoding=\"async\" class=\"alignnone size-full wp-image-124562\" src=\"https:\/\/i0.wp.com\/shop.vape.hk\/wp-content\/uploads\/2023\/10\/elfworld-reload-detail.jpg?resize=1020%2C1633&#038;ssl=1\" alt=\"ELFWORLD Reload 6000 Puffs Wegwerpvape groothandel\" width=\"1020\" height=\"1633\" title=\"\"><\/a><\/p>","protected":false},"excerpt":{"rendered":"<p>De ELFWORLD Reload 6000 Puffs Disposable Vape Wholesale biedt een hoogwaardige constructie, een lekvrij ontwerp en een soepele dampafgifte, perfect voor betrouwbare en probleemloze vaping-sessies.<\/p>","protected":false},"featured_media":4888,"comment_status":"open","ping_status":"closed","template":"","meta":[],"product_brand":[],"product_cat":[22,480],"product_tag":[467],"class_list":{"0":"post-4603","1":"product","2":"type-product","3":"status-publish","4":"has-post-thumbnail","6":"product_cat-disposable-vape-sticks","7":"product_cat-elfworld","8":"product_tag-elfworld","10":"first","11":"instock","12":"shipping-taxable","13":"purchasable","14":"product-type-simple"},"jetpack_sharing_enabled":true,"tiered_pricing_type":"fixed","tiered_pricing_fixed_rules":{"1000":6,"10000":5,"50000":4},"tiered_pricing_product_settings":{"layout":"default","base_unit_name":{"singular":null,"plural":null},"default_variation":null},"tiered_pricing_minimum_quantity":100,"tiered_pricing_roles_data":[],"tiered_pricing_percentage_rules":[],"tiered_pricing_maximum_quantity":null,"tiered_pricing_quantity_step":null,"_links":{"self":[{"href":"https:\/\/cloudsupplyvapes.com\/nl\/wp-json\/wp\/v2\/product\/4603","targetHints":{"allow":["GET"]}}],"collection":[{"href":"https:\/\/cloudsupplyvapes.com\/nl\/wp-json\/wp\/v2\/product"}],"about":[{"href":"https:\/\/cloudsupplyvapes.com\/nl\/wp-json\/wp\/v2\/types\/product"}],"replies":[{"embeddable":true,"href":"https:\/\/cloudsupplyvapes.com\/nl\/wp-json\/wp\/v2\/comments?post=4603"}],"wp:featuredmedia":[{"embeddable":true,"href":"https:\/\/cloudsupplyvapes.com\/nl\/wp-json\/wp\/v2\/media\/4888"}],"wp:attachment":[{"href":"https:\/\/cloudsupplyvapes.com\/nl\/wp-json\/wp\/v2\/media?parent=4603"}],"wp:term":[{"taxonomy":"product_brand","embeddable":true,"href":"https:\/\/cloudsupplyvapes.com\/nl\/wp-json\/wp\/v2\/product_brand?post=4603"},{"taxonomy":"product_cat","embeddable":true,"href":"https:\/\/cloudsupplyvapes.com\/nl\/wp-json\/wp\/v2\/product_cat?post=4603"},{"taxonomy":"product_tag","embeddable":true,"href":"https:\/\/cloudsupplyvapes.com\/nl\/wp-json\/wp\/v2\/product_tag?post=4603"}],"curies":[{"name":"wp","href":"https:\/\/api.w.org\/{rel}","templated":true}]}}