{"id":7626,"date":"2024-10-19T02:53:57","date_gmt":"2024-10-19T02:53:57","guid":{"rendered":"https:\/\/cloudsupplyvapes.com\/?post_type=product&#038;p=7626"},"modified":"2024-11-25T07:34:50","modified_gmt":"2024-11-25T07:34:50","slug":"-244","status":"publish","type":"product","link":"https:\/\/cloudsupplyvapes.com\/nl\/product\/airis-mega-2000-puffs-disposable-vape-wholesale\/","title":{"rendered":"Airis MEGA 2000 Puffs Wegwerp Vape Groothandel Langdurige Betrouwbare Vape"},"content":{"rendered":"<h2>Airis MEGA Wegwerp<\/h2>\n<ul class=\"top\">\n<li style=\"list-style-type: none;\">\n<ul class=\"top\">\n<li>Merk: Airis<\/li>\n<li>Eenheid: set<\/li>\n<li>Type: Wegwerp vape kit<\/li>\n<li>Nettogewicht: 50 (g)<\/li>\n<\/ul>\n<\/li>\n<\/ul>\n<p>De gecombineerde verzendkosten worden automatisch berekend door het systeem nadat je de verzendbestemming hebt gekozen bij het afrekenen.<\/p>\n<div class=\"title\">Airis MEGA Wegwerp INTRODUCTIE<\/div>\n<p><b>Airis MEGA Wegwerp<\/b>\u00a0is uitgerust met een ingebouwde 1050mAh batterij en een kenmerkende 6mL vape sap capaciteit die een 5% zout nicotine niveau bevat. De luchtstroom is overvloedig voor die vaping hits en is ook instelbaar als je de voorkeur geeft aan een sterkere throat hit, en elk apparaat kan voldoen aan ongeveer 2000puffs. Deze kit heeft slechts \u00e9\u00e9n weerstandswaarde van 1.8ohm, zodat klanten slechts \u00e9\u00e9n output kunnen gebruiken voor een consistente smaak. 15 soorten smaken moet een ander indrukwekkend onderdeel van het hele apparaat, kiezen wat je wacht voor die zoete smaken.<\/p>\n<p class=\"second-title\">Kenmerken<\/p>\n<p>- 1050mAh ingebouwde batterij<\/p>\n<p>- 6 ml Vape Juice Capaciteit<\/p>\n<p>- Tevreden over 2000 soesjes<\/p>\n<p>- 5% Nicotinesterkte Zout<\/p>\n<p>- 15 smaakopties<\/p>\n<p>- 1,8ohm Spoel<\/p>\n<p><a href=\"https:\/\/i0.wp.com\/shop.vape.hk\/wp-content\/uploads\/2024\/03\/airis-mega-disposable1_4.jpg?ssl=1\" target=\"_blank\" rel=\"noopener\"><img data-recalc-dims=\"1\" loading=\"lazy\" decoding=\"async\" class=\"alignnone size-full wp-image-129304\" src=\"https:\/\/i0.wp.com\/shop.vape.hk\/wp-content\/uploads\/2024\/03\/airis-mega-disposable1_4.jpg?resize=1020%2C644&#038;ssl=1\" alt=\"Airis MEGA 2000 Puffs Wegwerpvape groothandel\" width=\"1020\" height=\"644\" title=\"\"><\/a> <a href=\"https:\/\/i0.wp.com\/shop.vape.hk\/wp-content\/uploads\/2024\/03\/airis-mega-disposable1_3.jpg?ssl=1\" target=\"_blank\" rel=\"noopener\"><img data-recalc-dims=\"1\" loading=\"lazy\" decoding=\"async\" class=\"alignnone size-full wp-image-129303\" src=\"https:\/\/i0.wp.com\/shop.vape.hk\/wp-content\/uploads\/2024\/03\/airis-mega-disposable1_3.jpg?resize=1020%2C344&#038;ssl=1\" alt=\"Airis MEGA 2000 Puffs Wegwerpvape groothandel\" width=\"1020\" height=\"344\" title=\"\"><\/a> <a href=\"https:\/\/i0.wp.com\/shop.vape.hk\/wp-content\/uploads\/2024\/03\/airis-mega-disposable1_1.jpg?ssl=1\" target=\"_blank\" rel=\"noopener\"><img data-recalc-dims=\"1\" loading=\"lazy\" decoding=\"async\" class=\"alignnone size-full wp-image-129302\" src=\"https:\/\/i0.wp.com\/shop.vape.hk\/wp-content\/uploads\/2024\/03\/airis-mega-disposable1_1.jpg?resize=1020%2C934&#038;ssl=1\" alt=\"Airis MEGA 2000 Puffs Wegwerpvape groothandel\" width=\"1020\" height=\"934\" title=\"\"><\/a> <a href=\"https:\/\/i0.wp.com\/shop.vape.hk\/wp-content\/uploads\/2024\/03\/airis-mega-disposable1_2.jpg?ssl=1\" target=\"_blank\" rel=\"noopener\"><img data-recalc-dims=\"1\" loading=\"lazy\" decoding=\"async\" class=\"alignnone size-full wp-image-129300\" src=\"https:\/\/i0.wp.com\/shop.vape.hk\/wp-content\/uploads\/2024\/03\/airis-mega-disposable1_2.jpg?resize=1020%2C804&#038;ssl=1\" alt=\"Airis MEGA 2000 Puffs Wegwerpvape groothandel\" width=\"1020\" height=\"804\" title=\"\"><\/a><\/p>","protected":false},"excerpt":{"rendered":"<p>De Airis MEGA 2000 Puffs Wegwerp Vape Wholesale levert consistente prestaties, een lange batterijlevensduur en een slank ontwerp, wat zorgt voor een rijke damp en een discrete vaping ervaring.<\/p>","protected":false},"featured_media":7889,"comment_status":"open","ping_status":"closed","template":"","meta":[],"product_brand":[],"product_cat":[22],"product_tag":[],"class_list":{"0":"post-7626","1":"product","2":"type-product","3":"status-publish","4":"has-post-thumbnail","6":"product_cat-disposable-vape-sticks","8":"first","9":"instock","10":"shipping-taxable","11":"purchasable","12":"product-type-simple"},"jetpack_sharing_enabled":true,"tiered_pricing_type":"fixed","tiered_pricing_fixed_rules":{"1000":5,"10000":4,"50000":3},"tiered_pricing_product_settings":{"layout":"default","base_unit_name":{"singular":null,"plural":null},"default_variation":null},"tiered_pricing_minimum_quantity":100,"tiered_pricing_roles_data":[],"tiered_pricing_percentage_rules":[],"tiered_pricing_maximum_quantity":null,"tiered_pricing_quantity_step":null,"_links":{"self":[{"href":"https:\/\/cloudsupplyvapes.com\/nl\/wp-json\/wp\/v2\/product\/7626","targetHints":{"allow":["GET"]}}],"collection":[{"href":"https:\/\/cloudsupplyvapes.com\/nl\/wp-json\/wp\/v2\/product"}],"about":[{"href":"https:\/\/cloudsupplyvapes.com\/nl\/wp-json\/wp\/v2\/types\/product"}],"replies":[{"embeddable":true,"href":"https:\/\/cloudsupplyvapes.com\/nl\/wp-json\/wp\/v2\/comments?post=7626"}],"wp:featuredmedia":[{"embeddable":true,"href":"https:\/\/cloudsupplyvapes.com\/nl\/wp-json\/wp\/v2\/media\/7889"}],"wp:attachment":[{"href":"https:\/\/cloudsupplyvapes.com\/nl\/wp-json\/wp\/v2\/media?parent=7626"}],"wp:term":[{"taxonomy":"product_brand","embeddable":true,"href":"https:\/\/cloudsupplyvapes.com\/nl\/wp-json\/wp\/v2\/product_brand?post=7626"},{"taxonomy":"product_cat","embeddable":true,"href":"https:\/\/cloudsupplyvapes.com\/nl\/wp-json\/wp\/v2\/product_cat?post=7626"},{"taxonomy":"product_tag","embeddable":true,"href":"https:\/\/cloudsupplyvapes.com\/nl\/wp-json\/wp\/v2\/product_tag?post=7626"}],"curies":[{"name":"wp","href":"https:\/\/api.w.org\/{rel}","templated":true}]}}